
{"id":3254,"date":"2023-05-19T16:51:44","date_gmt":"2023-05-19T16:51:44","guid":{"rendered":"https:\/\/beahub.com\/?page_id=3254"},"modified":"2023-08-22T09:57:34","modified_gmt":"2023-08-22T09:57:34","slug":"politique-de-confidentialite","status":"publish","type":"page","link":"https:\/\/beahub.com\/fr\/politique-de-confidentialite\/","title":{"rendered":"Politique de confidentialit\u00e9"},"content":{"rendered":"<p><div class=\"fusion-fullwidth fullwidth-box fusion-builder-row-1 fusion-flex-container has-pattern-background has-mask-background fusion-parallax-none nonhundred-percent-fullwidth non-hundred-percent-height-scrolling lazyload\" style=\"--awb-background-position:center top;--awb-border-radius-top-left:0px;--awb-border-radius-top-right:0px;--awb-border-radius-bottom-right:0px;--awb-border-radius-bottom-left:0px;--awb-padding-top:60px;--awb-padding-bottom:60px;--awb-margin-top:-120px;--awb-background-size:cover;--awb-flex-wrap:wrap;\" data-bg=\"https:\/\/beahub.com\/wp-content\/uploads\/2023\/05\/20230520_080519-1200x152.png\" ><div class=\"fusion-builder-row fusion-row fusion-flex-align-items-flex-start fusion-flex-content-wrap\" style=\"max-width:1331.2px;margin-left: calc(-4% \/ 2 );margin-right: calc(-4% \/ 2 );\"><div class=\"fusion-layout-column fusion_builder_column fusion-builder-column-0 fusion_builder_column_1_1 1_1 fusion-flex-column\" style=\"--awb-bg-size:cover;--awb-width-large:100%;--awb-margin-top-large:10px;--awb-spacing-right-large:1.92%;--awb-margin-bottom-large:10px;--awb-spacing-left-large:1.92%;--awb-width-medium:100%;--awb-order-medium:0;--awb-spacing-right-medium:1.92%;--awb-spacing-left-medium:1.92%;--awb-width-small:100%;--awb-order-small:0;--awb-spacing-right-small:1.92%;--awb-spacing-left-small:1.92%;\"><div class=\"fusion-column-wrapper fusion-column-has-shadow fusion-flex-justify-content-flex-start fusion-content-layout-column\"><\/div><\/div><\/div><\/div><div class=\"fusion-fullwidth fullwidth-box fusion-builder-row-2 fusion-flex-container has-pattern-background has-mask-background nonhundred-percent-fullwidth non-hundred-percent-height-scrolling\" style=\"--awb-border-radius-top-left:0px;--awb-border-radius-top-right:0px;--awb-border-radius-bottom-right:0px;--awb-border-radius-bottom-left:0px;--awb-flex-wrap:wrap;\" ><div class=\"fusion-builder-row fusion-row fusion-flex-align-items-flex-start fusion-flex-content-wrap\" style=\"max-width:1331.2px;margin-left: calc(-4% \/ 2 );margin-right: calc(-4% \/ 2 );\"><div class=\"fusion-layout-column fusion_builder_column fusion-builder-column-1 fusion_builder_column_1_1 1_1 fusion-flex-column\" style=\"--awb-bg-size:cover;--awb-width-large:100%;--awb-margin-top-large:20px;--awb-spacing-right-large:1.92%;--awb-margin-bottom-large:10px;--awb-spacing-left-large:1.92%;--awb-width-medium:100%;--awb-order-medium:0;--awb-spacing-right-medium:1.92%;--awb-spacing-left-medium:1.92%;--awb-width-small:100%;--awb-order-small:0;--awb-spacing-right-small:1.92%;--awb-spacing-left-small:1.92%;\"><div class=\"fusion-column-wrapper fusion-column-has-shadow fusion-flex-justify-content-flex-start fusion-content-layout-column\"><div class=\"fusion-title title fusion-title-1 fusion-sep-none fusion-title-text fusion-title-size-two\"><h2 class=\"fusion-title-heading title-heading-left fusion-responsive-typography-calculated\" style=\"margin:0;text-transform:capitalize;--fontSize:34;line-height:var(--awb-typography1-line-height);\">Politique de confidentialit\u00e9<\/h2><\/div><div class=\"fusion-text fusion-text-1\"><p>En vous inscrivant ou en utilisant BeaHub, vous confiez \u00e0 BeaHub la protection et la sensibilit\u00e9 de vos informations, et de celles de vos clients. C&rsquo;est une responsabilit\u00e9 que nous prenons tr\u00e8s au s\u00e9rieux. Ce document est destin\u00e9 \u00e0 d\u00e9crire ce que nous collectons, comment nous le stockons, ce que nous en faisons, et quels sont vos droits en ce qui concerne ces donn\u00e9es.<\/p>\n<p>Cette politique de confidentialit\u00e9 est destin\u00e9e \u00e0 s&rsquo;appliquer aux individus ou entit\u00e9s qui utilisent les sites web, applications mobiles, produits et services de BeaHub (collectivement, \u00ab services \u00bb ). Pour les buts de cette politique, \u00ab l&rsquo;utilisateur \u00bb , comme le terme est employ\u00e9 ici, se rapporte \u00e0 un individu ou \u00e0 une entit\u00e9 qui emploie nos services, appel\u00e9s \u00ab utilisateur \u00bb ou \u00ab utilisateurs \u00bb.<\/p>\n<p>Toute r\u00e9f\u00e9rence aux donn\u00e9es personnelles signifie toute information stock\u00e9e par BeaHub qui pourrait conduire \u00e0 l&rsquo;identification d&rsquo;une personne individuelle, directement ou indirectement. Ceci peut inclure mais n&rsquo;est pas limit\u00e9 au nom, \u00e0 l&rsquo;adresse email, au num\u00e9ro de t\u00e9l\u00e9phone, \u00e0 la rue ou \u00e0 l&rsquo;adresse postale, \u00e0 l&rsquo;adresse IP, etc. En vous inscrivant \u00e0 BeaHub, vous reconnaissez la collecte, le transfert, le stockage, le traitement, la divulgation et les autres utilisations de vos informations comme indiqu\u00e9 dans cette politique de confidentialit\u00e9.<\/p>\n<p>Les informations sur les utilisateurs, qui sont des informations personnelles relatives \u00e0 nos utilisateurs et (le cas \u00e9ch\u00e9ant) \u00e0 leurs entreprises. Nous recueillons ces informations afin de pouvoir fournir nos services \u00e0 ces utilisateurs. Pour les besoins du RGPD dans l&rsquo;Union Europ\u00e9enne, nous sommes le \u00ab contr\u00f4leur de donn\u00e9es \u00bb de cette Information utilisateur et nous la collectons et la stockons dans le but de fournir nos services aux utilisateurs et de maintenir les enregistrements et les d\u00e9tails de contact relatifs \u00e0 ces services et utilisateurs. Cette politique d\u00e9finit comment BeaHub traite votre information en tant qu&rsquo;utilisateur.<\/p>\n<p>L&rsquo;information sur les clients, qui est une information personnelle concernant les individus avec lesquels nos utilisateurs interagissent (comme les clients de leurs entreprises). Les utilisateurs de nos services sont seuls responsables de l&rsquo;\u00e9tablissement de politiques et de l&rsquo;assurance de la conformit\u00e9 avec toutes les lois et r\u00e8glements applicables, aussi bien que toutes les politiques de confidentialit\u00e9, accords ou autres obligations, concernant la collecte d&rsquo;informations personnelles en liaison avec l&rsquo;utilisation de nos services par des individus avec lesquels nos utilisateurs interagissent. Nous recueillons des informations sous la direction de nos utilisateurs et n&rsquo;avons aucune relation directe avec les personnes dont nous traitons les informations personnelles dans le cadre de l&rsquo;utilisation de nos services. Si vous \u00eates un utilisateur fournissant des informations (y compris des informations personnelles) sur une autre personne, vous devez avoir la capacit\u00e9 l\u00e9gale de le faire et, si n\u00e9cessaire, l&rsquo;informer de la mani\u00e8re dont ses informations personnelles seront utilis\u00e9es (comme d\u00e9crit dans la pr\u00e9sente Politique de confidentialit\u00e9). Si vous \u00eates une personne qui interagit avec un utilisateur utilisant nos services &#8211; par exemple, si vous \u00eates un employ\u00e9 ou un client d&rsquo;une entreprise &#8211; cet utilisateur est le contr\u00f4leur de vos informations et vous devez le contacter directement (par exemple, le propri\u00e9taire ou le directeur de l&rsquo;entreprise) &#8211; pour toute demande ou question relative \u00e0 vos informations personnelles.<\/p>\n<p>Toutes les informations que nous recueillons aupr\u00e8s de vous peuvent \u00eatre utilis\u00e9es de l&rsquo;une des mani\u00e8res suivantes;<\/p>\n<ul>\n<li>Pour personnaliser votre exp\u00e9rience (vos informations nous aident \u00e0 mieux r\u00e9pondre \u00e0 vos besoins individuels).<\/li>\n<li>Pour am\u00e9liorer notre site Web et notre application (nous nous effor\u00e7ons continuellement d&rsquo;am\u00e9liorer notre offre de sites Web en fonction des informations et des commentaires que vous nous fournissez).<\/li>\n<li>Am\u00e9liorer le service \u00e0 la client\u00e8le (vos informations nous aident \u00e0 r\u00e9pondre plus efficacement \u00e0 vos demandes de service \u00e0 la client\u00e8le et \u00e0 vos besoins d&rsquo;assistance)<\/li>\n<li>Pour traiter les transactions.<\/li>\n<li>Vos informations, qu&rsquo;elles soient publiques ou priv\u00e9es, ne seront pas vendues, \u00e9chang\u00e9es, transf\u00e9r\u00e9es ou donn\u00e9es \u00e0 une autre soci\u00e9t\u00e9 pour quelque raison que ce soit, sans votre consentement, sauf dans le but expr\u00e8s de livrer le produit achet\u00e9 ou le service demand\u00e9.<\/li>\n<li>Pour envoyer des courriers \u00e9lectroniques p\u00e9riodiques.<\/li>\n<li>L&rsquo;adresse \u00e9lectronique que vous fournissez peut \u00eatre utilis\u00e9e pour vous envoyer des informations, r\u00e9pondre \u00e0 des demandes de renseignements et\/ou \u00e0 d&rsquo;autres demandes ou questions.<\/li>\n<\/ul>\n<p>Nous mettons en \u0153uvre diverses mesures de s\u00e9curit\u00e9 pour pr\u00e9server la s\u00e9curit\u00e9 de vos informations personnelles lorsque vous passez une commande ou lorsque vous saisissez, soumettez ou acc\u00e9dez \u00e0 vos informations personnelles.<\/p>\n<p>Toutes les informations sensibles\/de cr\u00e9dit fournies sont transmises via la technologie Couche de socket s\u00e9curis\u00e9e (SSL), puis crypt\u00e9es dans la base de donn\u00e9es de nos fournisseurs de passerelles de paiement. Elles ne sont accessibles qu&rsquo;aux personnes autoris\u00e9es disposant de droits d&rsquo;acc\u00e8s sp\u00e9ciaux \u00e0 ces syst\u00e8mes et tenues de garder ces informations confidentielles.<\/p>\n<\/div><\/div><\/div><\/div><\/div><\/p>\n","protected":false},"excerpt":{"rendered":"","protected":false},"author":1,"featured_media":0,"parent":0,"menu_order":0,"comment_status":"closed","ping_status":"closed","template":"100-width.php","meta":{"inline_featured_image":false,"footnotes":""},"class_list":["post-3254","page","type-page","status-publish","hentry"],"yoast_head":"<!-- This site is optimized with the Yoast SEO plugin v24.7 - https:\/\/yoast.com\/wordpress\/plugins\/seo\/ -->\n<title>Politique de confidentialit\u00e9 - BeaHub<\/title>\n<meta name=\"robots\" content=\"index, follow, max-snippet:-1, max-image-preview:large, max-video-preview:-1\" \/>\n<link rel=\"canonical\" href=\"https:\/\/beahub.com\/privacy-policy\/\" \/>\n<meta property=\"og:locale\" content=\"fr_FR\" \/>\n<meta property=\"og:type\" content=\"article\" \/>\n<meta property=\"og:title\" content=\"Politique de confidentialit\u00e9 - BeaHub\" \/>\n<meta property=\"og:url\" content=\"https:\/\/beahub.com\/privacy-policy\/\" \/>\n<meta property=\"og:site_name\" content=\"BeaHub\" \/>\n<meta property=\"article:publisher\" content=\"https:\/\/www.facebook.com\/beahubs\" \/>\n<meta property=\"article:modified_time\" content=\"2023-08-22T09:57:34+00:00\" \/>\n<meta name=\"twitter:card\" content=\"summary_large_image\" \/>\n<meta name=\"twitter:site\" content=\"@Beahub_inc\" \/>\n<script type=\"application\/ld+json\" class=\"yoast-schema-graph\">{\"@context\":\"https:\/\/schema.org\",\"@graph\":[{\"@type\":\"WebPage\",\"@id\":\"https:\/\/beahub.com\/privacy-policy\/\",\"url\":\"https:\/\/beahub.com\/privacy-policy\/\",\"name\":\"Politique de confidentialit\u00e9 - BeaHub\",\"isPartOf\":{\"@id\":\"https:\/\/beahub.com\/#website\"},\"datePublished\":\"2023-05-19T16:51:44+00:00\",\"dateModified\":\"2023-08-22T09:57:34+00:00\",\"breadcrumb\":{\"@id\":\"https:\/\/beahub.com\/privacy-policy\/#breadcrumb\"},\"inLanguage\":\"fr-FR\",\"potentialAction\":[{\"@type\":\"ReadAction\",\"target\":[\"https:\/\/beahub.com\/privacy-policy\/\"]}]},{\"@type\":\"BreadcrumbList\",\"@id\":\"https:\/\/beahub.com\/privacy-policy\/#breadcrumb\",\"itemListElement\":[{\"@type\":\"ListItem\",\"position\":1,\"name\":\"Home\",\"item\":\"https:\/\/beahub.com\/fr\/\"},{\"@type\":\"ListItem\",\"position\":2,\"name\":\"Politique de confidentialit\u00e9\"}]},{\"@type\":\"WebSite\",\"@id\":\"https:\/\/beahub.com\/#website\",\"url\":\"https:\/\/beahub.com\/\",\"name\":\"BeaHub\",\"description\":\"spa, wellness, spa platform, beauty salon, nail salon, massage therapy, health clinic\",\"publisher\":{\"@id\":\"https:\/\/beahub.com\/#organization\"},\"potentialAction\":[{\"@type\":\"SearchAction\",\"target\":{\"@type\":\"EntryPoint\",\"urlTemplate\":\"https:\/\/beahub.com\/?s={search_term_string}\"},\"query-input\":{\"@type\":\"PropertyValueSpecification\",\"valueRequired\":true,\"valueName\":\"search_term_string\"}}],\"inLanguage\":\"fr-FR\"},{\"@type\":\"Organization\",\"@id\":\"https:\/\/beahub.com\/#organization\",\"name\":\"BeaHub\",\"url\":\"https:\/\/beahub.com\/\",\"logo\":{\"@type\":\"ImageObject\",\"inLanguage\":\"fr-FR\",\"@id\":\"https:\/\/beahub.com\/#\/schema\/logo\/image\/\",\"url\":\"https:\/\/beahub.com\/wp-content\/uploads\/2022\/07\/logo-beahub.svg\",\"contentUrl\":\"https:\/\/beahub.com\/wp-content\/uploads\/2022\/07\/logo-beahub.svg\",\"width\":1694,\"height\":420,\"caption\":\"BeaHub\"},\"image\":{\"@id\":\"https:\/\/beahub.com\/#\/schema\/logo\/image\/\"},\"sameAs\":[\"https:\/\/www.facebook.com\/beahubs\",\"https:\/\/x.com\/Beahub_inc\",\"https:\/\/www.youtube.com\/channel\/UC3BF3QAewsEZqIcbEIHynAA?themeRefresh=1\"]}]}<\/script>\n<!-- \/ Yoast SEO plugin. -->","yoast_head_json":{"title":"Politique de confidentialit\u00e9 - BeaHub","robots":{"index":"index","follow":"follow","max-snippet":"max-snippet:-1","max-image-preview":"max-image-preview:large","max-video-preview":"max-video-preview:-1"},"canonical":"https:\/\/beahub.com\/privacy-policy\/","og_locale":"fr_FR","og_type":"article","og_title":"Politique de confidentialit\u00e9 - BeaHub","og_url":"https:\/\/beahub.com\/privacy-policy\/","og_site_name":"BeaHub","article_publisher":"https:\/\/www.facebook.com\/beahubs","article_modified_time":"2023-08-22T09:57:34+00:00","twitter_card":"summary_large_image","twitter_site":"@Beahub_inc","schema":{"@context":"https:\/\/schema.org","@graph":[{"@type":"WebPage","@id":"https:\/\/beahub.com\/privacy-policy\/","url":"https:\/\/beahub.com\/privacy-policy\/","name":"Politique de confidentialit\u00e9 - BeaHub","isPartOf":{"@id":"https:\/\/beahub.com\/#website"},"datePublished":"2023-05-19T16:51:44+00:00","dateModified":"2023-08-22T09:57:34+00:00","breadcrumb":{"@id":"https:\/\/beahub.com\/privacy-policy\/#breadcrumb"},"inLanguage":"fr-FR","potentialAction":[{"@type":"ReadAction","target":["https:\/\/beahub.com\/privacy-policy\/"]}]},{"@type":"BreadcrumbList","@id":"https:\/\/beahub.com\/privacy-policy\/#breadcrumb","itemListElement":[{"@type":"ListItem","position":1,"name":"Home","item":"https:\/\/beahub.com\/fr\/"},{"@type":"ListItem","position":2,"name":"Politique de confidentialit\u00e9"}]},{"@type":"WebSite","@id":"https:\/\/beahub.com\/#website","url":"https:\/\/beahub.com\/","name":"BeaHub","description":"spa, wellness, spa platform, beauty salon, nail salon, massage therapy, health clinic","publisher":{"@id":"https:\/\/beahub.com\/#organization"},"potentialAction":[{"@type":"SearchAction","target":{"@type":"EntryPoint","urlTemplate":"https:\/\/beahub.com\/?s={search_term_string}"},"query-input":{"@type":"PropertyValueSpecification","valueRequired":true,"valueName":"search_term_string"}}],"inLanguage":"fr-FR"},{"@type":"Organization","@id":"https:\/\/beahub.com\/#organization","name":"BeaHub","url":"https:\/\/beahub.com\/","logo":{"@type":"ImageObject","inLanguage":"fr-FR","@id":"https:\/\/beahub.com\/#\/schema\/logo\/image\/","url":"https:\/\/beahub.com\/wp-content\/uploads\/2022\/07\/logo-beahub.svg","contentUrl":"https:\/\/beahub.com\/wp-content\/uploads\/2022\/07\/logo-beahub.svg","width":1694,"height":420,"caption":"BeaHub"},"image":{"@id":"https:\/\/beahub.com\/#\/schema\/logo\/image\/"},"sameAs":["https:\/\/www.facebook.com\/beahubs","https:\/\/x.com\/Beahub_inc","https:\/\/www.youtube.com\/channel\/UC3BF3QAewsEZqIcbEIHynAA?themeRefresh=1"]}]}},"_links":{"self":[{"href":"https:\/\/beahub.com\/fr\/wp-json\/wp\/v2\/pages\/3254"}],"collection":[{"href":"https:\/\/beahub.com\/fr\/wp-json\/wp\/v2\/pages"}],"about":[{"href":"https:\/\/beahub.com\/fr\/wp-json\/wp\/v2\/types\/page"}],"author":[{"embeddable":true,"href":"https:\/\/beahub.com\/fr\/wp-json\/wp\/v2\/users\/1"}],"replies":[{"embeddable":true,"href":"https:\/\/beahub.com\/fr\/wp-json\/wp\/v2\/comments?post=3254"}],"version-history":[{"count":0,"href":"https:\/\/beahub.com\/fr\/wp-json\/wp\/v2\/pages\/3254\/revisions"}],"wp:attachment":[{"href":"https:\/\/beahub.com\/fr\/wp-json\/wp\/v2\/media?parent=3254"}],"curies":[{"name":"wp","href":"https:\/\/api.w.org\/{rel}","templated":true}]}}