
{"id":3256,"date":"2023-05-19T16:37:03","date_gmt":"2023-05-19T16:37:03","guid":{"rendered":"https:\/\/beahub.com\/?page_id=3256"},"modified":"2023-08-22T10:00:14","modified_gmt":"2023-08-22T10:00:14","slug":"duree-des-services","status":"publish","type":"page","link":"https:\/\/beahub.com\/fr\/duree-des-services\/","title":{"rendered":"Dur\u00e9e des services"},"content":{"rendered":"<p><div class=\"fusion-fullwidth fullwidth-box fusion-builder-row-1 fusion-flex-container has-pattern-background has-mask-background fusion-parallax-none nonhundred-percent-fullwidth non-hundred-percent-height-scrolling lazyload\" style=\"--awb-border-radius-top-left:0px;--awb-border-radius-top-right:0px;--awb-border-radius-bottom-right:0px;--awb-border-radius-bottom-left:0px;--awb-padding-top:60px;--awb-padding-bottom:60px;--awb-margin-top:-120px;--awb-background-size:cover;--awb-flex-wrap:wrap;\" data-bg=\"https:\/\/beahub.com\/wp-content\/uploads\/2023\/05\/20230520_080519-1200x152.png\" ><div class=\"fusion-builder-row fusion-row fusion-flex-align-items-flex-start fusion-flex-content-wrap\" style=\"max-width:1331.2px;margin-left: calc(-4% \/ 2 );margin-right: calc(-4% \/ 2 );\"><div class=\"fusion-layout-column fusion_builder_column fusion-builder-column-0 fusion_builder_column_1_1 1_1 fusion-flex-column\" style=\"--awb-bg-size:cover;--awb-width-large:100%;--awb-margin-top-large:10px;--awb-spacing-right-large:1.92%;--awb-margin-bottom-large:10px;--awb-spacing-left-large:1.92%;--awb-width-medium:100%;--awb-order-medium:0;--awb-spacing-right-medium:1.92%;--awb-spacing-left-medium:1.92%;--awb-width-small:100%;--awb-order-small:0;--awb-spacing-right-small:1.92%;--awb-spacing-left-small:1.92%;\"><div class=\"fusion-column-wrapper fusion-column-has-shadow fusion-flex-justify-content-flex-start fusion-content-layout-column\"><\/div><\/div><\/div><\/div><div class=\"fusion-fullwidth fullwidth-box fusion-builder-row-2 fusion-flex-container has-pattern-background has-mask-background nonhundred-percent-fullwidth non-hundred-percent-height-scrolling\" style=\"--awb-border-radius-top-left:0px;--awb-border-radius-top-right:0px;--awb-border-radius-bottom-right:0px;--awb-border-radius-bottom-left:0px;--awb-flex-wrap:wrap;\" ><div class=\"fusion-builder-row fusion-row fusion-flex-align-items-flex-start fusion-flex-content-wrap\" style=\"max-width:1331.2px;margin-left: calc(-4% \/ 2 );margin-right: calc(-4% \/ 2 );\"><div class=\"fusion-layout-column fusion_builder_column fusion-builder-column-1 fusion_builder_column_1_1 1_1 fusion-flex-column\" style=\"--awb-bg-size:cover;--awb-width-large:100%;--awb-margin-top-large:20px;--awb-spacing-right-large:1.92%;--awb-margin-bottom-large:10px;--awb-spacing-left-large:1.92%;--awb-width-medium:100%;--awb-order-medium:0;--awb-spacing-right-medium:1.92%;--awb-spacing-left-medium:1.92%;--awb-width-small:100%;--awb-order-small:0;--awb-spacing-right-small:1.92%;--awb-spacing-left-small:1.92%;\"><div class=\"fusion-column-wrapper fusion-column-has-shadow fusion-flex-justify-content-flex-start fusion-content-layout-column\"><div class=\"fusion-title title fusion-title-1 fusion-sep-none fusion-title-text fusion-title-size-two\"><h2 class=\"fusion-title-heading title-heading-left fusion-responsive-typography-calculated\" style=\"margin:0;text-transform:capitalize;--fontSize:34;line-height:var(--awb-typography1-line-height);\">Dur\u00e9e des services<\/h2><\/div><div class=\"fusion-text fusion-text-1\"><p>En utilisant la plateforme BeaHub (le \u00ab service \u00bb ), vous acceptez les termes l\u00e9gaux \u00e9nonc\u00e9s par les conditions suivantes ( \u00ab conditions de service \u00bb ). En utilisant le service, vous acceptez chacun des termes \u00e9nonc\u00e9s ci-dessous. Si vous n&rsquo;\u00eates pas d&rsquo;accord avec l&rsquo;un des termes ou l&rsquo;une des conditions \u00e9nonc\u00e9s ci-dessous, vous n&rsquo;\u00eates pas autoris\u00e9 \u00e0 utiliser le service pour quelque raison que ce soit.<\/p>\n<p>BeaHub se r\u00e9serve le droit de modifier les conditions de service de temps en temps sans pr\u00e9avis, avec effet d\u00e8s la publication d&rsquo;une version actualis\u00e9e de ces conditions de service sur le service ou le site. Vous \u00eates responsable de la r\u00e9vision r\u00e9guli\u00e8re de ces Termes de service. L&rsquo;utilisation continue du service apr\u00e8s de telles modifications des termes du service constitue votre consentement \u00e0 de telles modifications.<\/p>\n<p><strong>Conditions du compte<\/strong><strong>\u00a0<\/strong><\/p>\n<ul>\n<li>Vous garantissez que vous avez 18 ans ou plus.<\/li>\n<li>Vous garantissez que vous \u00eates un \u00eatre humain, et non un service informatique ou un \u00ab bot informatique \u00bb.<\/li>\n<li>Vous garantissez que vous avez fourni des informations exactes et valides demand\u00e9es au cours du processus d&rsquo;inscription.<\/li>\n<li>Vous garantissez que vous utiliserez le service uniquement \u00e0 des fins l\u00e9gales. Vous ne devez pas violer les lois en vigueur dans votre juridiction, y compris, mais sans s&rsquo;y limiter, les lois sur les droits d&rsquo;auteur.<\/li>\n<li>Il vous est interdit de violer, ou de tenter de violer, la s\u00e9curit\u00e9 du service.<\/li>\n<li>Vous garantissez que, pendant votre utilisation du service, vous ne cr\u00e9erez pas, ne transmettrez pas, ne distribuerez pas et ne stockerez pas de mat\u00e9riel qui viole une marque de commerce, un droit d&rsquo;auteur, un secret commercial ou d&rsquo;autres droits de propri\u00e9t\u00e9 intellectuelle d&rsquo;autrui ; qui viole la vie priv\u00e9e, la publicit\u00e9 ou d&rsquo;autres droits personnels d&rsquo;autrui ; qui porte atteinte \u00e0 la confidentialit\u00e9 des communications ; qui g\u00e9n\u00e8re un contenu obsc\u00e8ne, offensant ou inappropri\u00e9 ; causer des perturbations techniques au service, y compris, mais non limit\u00e9 \u00e0, l&rsquo;introduction de virus, de vers, ou d&rsquo;autres m\u00e9canismes destructeurs ; cr\u00e9er un site web trompeur pour impliquer une association avec Lotusyn ou le service ; cr\u00e9er ou envoyer des abus verbaux, physiques, \u00e9crits ou autres (y compris des menaces d&rsquo;abus ou de repr\u00e9sailles) \u00e0 tout client, employ\u00e9, membre ou officier de BeaHub.<\/li>\n<li>Vous acceptez de ne pas reproduire, dupliquer, copier, vendre, revendre ou exploiter toute partie du service, l&rsquo;utilisation du service, ou l&rsquo;acc\u00e8s au service sans la permission \u00e9crite expresse de BeaHub.<\/li>\n<\/ul>\n<p><strong>Annulation de votre compte<\/strong><strong>\u00a0<\/strong><\/p>\n<p>Les comptes BeaHub peuvent \u00eatre annul\u00e9s dans l&rsquo;application par l&rsquo;utilisateur \u00e0 tout moment en compl\u00e9tant le processus d&rsquo;annulation. Cela signifie que :<\/p>\n<ul>\n<li>Votre compte sera d\u00e9sactiv\u00e9 et ne pourra plus \u00eatre consult\u00e9 ;<\/li>\n<li>Votre compte ne sera plus factur\u00e9 ;<\/li>\n<li>Tous les droits qui vous sont accord\u00e9s en vertu des pr\u00e9sentes conditions prendront fin imm\u00e9diatement ; et<\/li>\n<li>Toutes vos donn\u00e9es et votre contenu peuvent \u00eatre supprim\u00e9s de nos syst\u00e8mes (sur demande).<\/li>\n<\/ul>\n<p>Nous ne garantissons pas que votre contenu puisse \u00eatre r\u00e9cup\u00e9r\u00e9 une fois que votre compte est annul\u00e9. Nous ne sommes pas responsables de toute perte ou de tout dommage cons\u00e9cutif \u00e0 l&rsquo;annulation de votre compte, et il est de votre responsabilit\u00e9 de vous assurer que tout contenu ou toute donn\u00e9e dont vous avez besoin est sauvegard\u00e9 ou reproduit avant l&rsquo;annulation.<\/p>\n<p><strong>Modification du service et des prix<\/strong><strong>\u00a0<\/strong><\/p>\n<ul>\n<li>BeaHub se r\u00e9serve le droit de modifier ou de supprimer des parties du service \u00e0 tout moment. BeaHub introduira de temps en temps des am\u00e9liorations et de nouvelles caract\u00e9ristiques dans le service, dont certaines seront imm\u00e9diatement disponibles sans frais pour vous.<\/li>\n<li>Les prix de tous les plans payants du service, y compris mais non limit\u00e9 aux frais du plan d&rsquo;abonnement mensuel, sont sujets \u00e0 changement avec un pr\u00e9avis de 30 jours de BeaHub. Une telle notification peut \u00eatre fournie en affichant les changements sur le site ou le service lui-m\u00eame.<\/li>\n<li>BeaHub ne sera pas responsable envers vous ou envers une tierce partie pour toute modification, changement de prix, suspension ou interruption du service.<\/li>\n<\/ul>\n<p><strong>Propri\u00e9t\u00e9 intellectuelle<\/strong><strong>\u00a0<\/strong><\/p>\n<ul>\n<li>Vous reconnaissez que le service vous est conc\u00e9d\u00e9 sous licence et que BeaHub conserve la propri\u00e9t\u00e9 de tous les droits, titres et int\u00e9r\u00eats du service, de la conception et de la documentation du service, et des droits de propri\u00e9t\u00e9 intellectuelle qui s&rsquo;y rapportent (y compris, sans limitation, tous les droits de brevet, droits de conception, droits d&rsquo;auteur et droits de secret commercial).<\/li>\n<li>Vous acceptez de ne pas (i) copier, modifier, ou faire de l&rsquo;ing\u00e9nierie inverse sur le mat\u00e9riel, le logiciel, ou la conception du service, faire des travaux d\u00e9riv\u00e9s bas\u00e9s sur le service, ou utiliser le service pour d\u00e9velopper n&rsquo;importe quels services, sans l&rsquo;approbation \u00e9crite pr\u00e9alable de Lotusyn ou (ii) vendre, autoriser, louer, ou transf\u00e9rer le service \u00e0 n&rsquo;importe quel tiers. BeaHub (et ses conc\u00e9dants de licence, le cas \u00e9ch\u00e9ant) sera propri\u00e9taire de tous les droits, titres et int\u00e9r\u00eats, y compris tous les droits de propri\u00e9t\u00e9 intellectuelle connexes, pour les suggestions, id\u00e9es, demandes d&rsquo;am\u00e9lioration, r\u00e9actions, recommandations ou autres informations fournies par vous ou toute autre partie concernant le service.<\/li>\n<li>Sauf ce qui est express\u00e9ment indiqu\u00e9 dans ces termes, BeaHub ne revendique aucun droit de propri\u00e9t\u00e9 intellectuelle sur le contenu ou les donn\u00e9es que vous t\u00e9l\u00e9chargez ou ajoutez au service. Vous garantissez qu&rsquo;en fournissant n&rsquo;importe quel contenu ou donn\u00e9es \u00e0 BeaHub et en autorisant BeaHub \u00e0 l&rsquo;utiliser comme indiqu\u00e9 dans ces termes de service, vous n&rsquo;enfreindrez pas les droits d&rsquo;un tiers. Vous accordez \u00e0 BeaHub une licence libre de redevance, mondiale, non exclusive pour utiliser tout contenu ou donn\u00e9es que vous fournissez dans le but de fournir les services, et de conduire les affaires de BeaHub en g\u00e9n\u00e9ral, pour la p\u00e9riode o\u00f9 le contenu ou les donn\u00e9es sont en possession de BeaHub. Toutes les donn\u00e9es ajout\u00e9es au service par vous ou les utilisateurs de votre compte conservent leur propri\u00e9t\u00e9 originale. Pour \u00e9viter tout doute, l\u00e0 o\u00f9 BeaHub vous permet de personnaliser votre exp\u00e9rience de n&rsquo;importe quelle partie des services, de telles personnalisations sont des configurations des services fournies par BeaHub et non du contenu ou des donn\u00e9es fournies par vous et comme telles sont la propri\u00e9t\u00e9 enti\u00e8re de BeaHub. Vous acceptez de faire toutes les choses raisonnablement exig\u00e9es de vous par BeaHub pour donner effet \u00e0 cette clause.<\/li>\n<li>Lorsque vous fournissez des suggestions ou des r\u00e9actions \u00e0 BeaHub au sujet des services, vous renoncez \u00e0 toute propri\u00e9t\u00e9 ou droits sur ces suggestions et r\u00e9actions et reconnaissez que BeaHub peut librement utiliser et divulguer toutes ces suggestions et r\u00e9actions comme il l&rsquo;entend pour n&rsquo;importe quel but.<\/li>\n<\/ul>\n<p><strong>Avis de non-responsabilit\u00e9<\/strong><\/p>\n<ul>\n<li>BeaHub n&rsquo;est pas responsable de tout contenu incorrect ou inexact affich\u00e9 sur le site ou le service. Le site ou le service peuvent \u00eatre temporairement indisponibles de temps en temps pour maintenance ou autres raisons. BeaHub n&rsquo;assume aucune responsabilit\u00e9 pour toute erreur, omission, interruption, effacement, d\u00e9faut, retard dans l&rsquo;op\u00e9ration ou la transmission, d\u00e9faillance de la ligne de communication, vol ou destruction ou acc\u00e8s non autoris\u00e9 ou alt\u00e9ration des communications de l&rsquo;utilisateur. BeaHub n&rsquo;est pas responsable de tout probl\u00e8me ou dysfonctionnement technique d&rsquo;un r\u00e9seau ou de lignes t\u00e9l\u00e9phoniques, de syst\u00e8mes informatiques en ligne, de serveurs ou de fournisseurs, d&rsquo;\u00e9quipement informatique, de logiciels, de d\u00e9faillance de courrier \u00e9lectronique ou de lecteurs en raison de probl\u00e8mes techniques ou de congestion du trafic sur le site ou le service, y compris les blessures ou les dommages aux utilisateurs ou \u00e0 l&rsquo;ordinateur d&rsquo;une autre personne li\u00e9s \u00e0 ou r\u00e9sultant de l&rsquo;utilisation du service.<\/li>\n<li>BeaHub ne garantit pas que (i) le service r\u00e9pondra \u00e0 vos exigences sp\u00e9cifiques, (ii) le service sera ininterrompu, opportun, s\u00fbr ou sans erreur, (iii) les r\u00e9sultats qui peuvent \u00eatre obtenus de l&rsquo;utilisation du service seront pr\u00e9cis ou fiables, (iv) la qualit\u00e9 des produits, des services, de l&rsquo;information ou de tout autre mat\u00e9riel achet\u00e9 ou obtenu par vous par le service r\u00e9pondra \u00e0 vos attentes, et (v) toute erreur dans le service sera corrig\u00e9e. Le service est fourni \u00ab tel quel \u00bb et BeaHub d\u00e9cline toutes les garanties, exprim\u00e9es ou implicites, y compris, sans limitation, les garanties implicites de titre, de qualit\u00e9 marchande, d&rsquo;aptitude \u00e0 un but particulier ou de non-violation. BeaHub ne peut pas garantir et ne promet pas de r\u00e9sultats sp\u00e9cifiques de l&rsquo;utilisation du service. Sauf dans les juridictions o\u00f9 de telles dispositions sont restreintes, en aucun cas BeaHub ou n&rsquo;importe quel associ\u00e9 de BeaHub (qui pour les buts de ces termes inclura les fournisseurs, les annonceurs, les r\u00e9f\u00e9rents, etc.) ne sera responsable \u00e0 vous ou \u00e0 n&rsquo;importe quelle tierce personne pour n&rsquo;importe quels dommages indirects, cons\u00e9cutifs, exemplaires, fortuits, sp\u00e9ciaux ou punitifs, y compris \u00e9galement les b\u00e9n\u00e9fices perdus provenant de votre utilisation du service, m\u00eame si BeaHub a \u00e9t\u00e9 avis\u00e9 de la possibilit\u00e9 de tels dommages.<\/li>\n<li>La responsabilit\u00e9 totale et globale de BeaHub envers vous pour toutes les r\u00e9clamations survenant sous ces Termes ou autrement en relation avec votre utilisation des services sera limit\u00e9e \u00e0 la somme des paiements que vous avez pay\u00e9s \u00e0 BeaHub pour les services.<\/li>\n<\/ul>\n<\/div><\/div><\/div><\/div><\/div><\/p>\n","protected":false},"excerpt":{"rendered":"","protected":false},"author":1,"featured_media":0,"parent":0,"menu_order":0,"comment_status":"closed","ping_status":"closed","template":"100-width.php","meta":{"inline_featured_image":false,"footnotes":""},"class_list":["post-3256","page","type-page","status-publish","hentry"],"yoast_head":"<!-- This site is optimized with the Yoast SEO plugin v24.7 - https:\/\/yoast.com\/wordpress\/plugins\/seo\/ -->\n<title>Dur\u00e9e des services - BeaHub<\/title>\n<meta name=\"robots\" content=\"index, follow, max-snippet:-1, max-image-preview:large, max-video-preview:-1\" \/>\n<link rel=\"canonical\" href=\"https:\/\/beahub.com\/term-of-services\/\" \/>\n<meta property=\"og:locale\" content=\"fr_FR\" \/>\n<meta property=\"og:type\" content=\"article\" \/>\n<meta property=\"og:title\" content=\"Dur\u00e9e des services - BeaHub\" \/>\n<meta property=\"og:url\" content=\"https:\/\/beahub.com\/term-of-services\/\" \/>\n<meta property=\"og:site_name\" content=\"BeaHub\" \/>\n<meta property=\"article:publisher\" content=\"https:\/\/www.facebook.com\/beahubs\" \/>\n<meta property=\"article:modified_time\" content=\"2023-08-22T10:00:14+00:00\" \/>\n<meta name=\"twitter:card\" content=\"summary_large_image\" \/>\n<meta name=\"twitter:site\" content=\"@Beahub_inc\" \/>\n<meta name=\"twitter:label1\" content=\"Dur\u00e9e de lecture estim\u00e9e\" \/>\n\t<meta name=\"twitter:data1\" content=\"7 minutes\" \/>\n<script type=\"application\/ld+json\" class=\"yoast-schema-graph\">{\"@context\":\"https:\/\/schema.org\",\"@graph\":[{\"@type\":\"WebPage\",\"@id\":\"https:\/\/beahub.com\/term-of-services\/\",\"url\":\"https:\/\/beahub.com\/term-of-services\/\",\"name\":\"Dur\u00e9e des services - BeaHub\",\"isPartOf\":{\"@id\":\"https:\/\/beahub.com\/#website\"},\"datePublished\":\"2023-05-19T16:37:03+00:00\",\"dateModified\":\"2023-08-22T10:00:14+00:00\",\"breadcrumb\":{\"@id\":\"https:\/\/beahub.com\/term-of-services\/#breadcrumb\"},\"inLanguage\":\"fr-FR\",\"potentialAction\":[{\"@type\":\"ReadAction\",\"target\":[\"https:\/\/beahub.com\/term-of-services\/\"]}]},{\"@type\":\"BreadcrumbList\",\"@id\":\"https:\/\/beahub.com\/term-of-services\/#breadcrumb\",\"itemListElement\":[{\"@type\":\"ListItem\",\"position\":1,\"name\":\"Home\",\"item\":\"https:\/\/beahub.com\/fr\/\"},{\"@type\":\"ListItem\",\"position\":2,\"name\":\"Dur\u00e9e des services\"}]},{\"@type\":\"WebSite\",\"@id\":\"https:\/\/beahub.com\/#website\",\"url\":\"https:\/\/beahub.com\/\",\"name\":\"BeaHub\",\"description\":\"spa, wellness, spa platform, beauty salon, nail salon, massage therapy, health clinic\",\"publisher\":{\"@id\":\"https:\/\/beahub.com\/#organization\"},\"potentialAction\":[{\"@type\":\"SearchAction\",\"target\":{\"@type\":\"EntryPoint\",\"urlTemplate\":\"https:\/\/beahub.com\/?s={search_term_string}\"},\"query-input\":{\"@type\":\"PropertyValueSpecification\",\"valueRequired\":true,\"valueName\":\"search_term_string\"}}],\"inLanguage\":\"fr-FR\"},{\"@type\":\"Organization\",\"@id\":\"https:\/\/beahub.com\/#organization\",\"name\":\"BeaHub\",\"url\":\"https:\/\/beahub.com\/\",\"logo\":{\"@type\":\"ImageObject\",\"inLanguage\":\"fr-FR\",\"@id\":\"https:\/\/beahub.com\/#\/schema\/logo\/image\/\",\"url\":\"https:\/\/beahub.com\/wp-content\/uploads\/2022\/07\/logo-beahub.svg\",\"contentUrl\":\"https:\/\/beahub.com\/wp-content\/uploads\/2022\/07\/logo-beahub.svg\",\"width\":1694,\"height\":420,\"caption\":\"BeaHub\"},\"image\":{\"@id\":\"https:\/\/beahub.com\/#\/schema\/logo\/image\/\"},\"sameAs\":[\"https:\/\/www.facebook.com\/beahubs\",\"https:\/\/x.com\/Beahub_inc\",\"https:\/\/www.youtube.com\/channel\/UC3BF3QAewsEZqIcbEIHynAA?themeRefresh=1\"]}]}<\/script>\n<!-- \/ Yoast SEO plugin. -->","yoast_head_json":{"title":"Dur\u00e9e des services - BeaHub","robots":{"index":"index","follow":"follow","max-snippet":"max-snippet:-1","max-image-preview":"max-image-preview:large","max-video-preview":"max-video-preview:-1"},"canonical":"https:\/\/beahub.com\/term-of-services\/","og_locale":"fr_FR","og_type":"article","og_title":"Dur\u00e9e des services - BeaHub","og_url":"https:\/\/beahub.com\/term-of-services\/","og_site_name":"BeaHub","article_publisher":"https:\/\/www.facebook.com\/beahubs","article_modified_time":"2023-08-22T10:00:14+00:00","twitter_card":"summary_large_image","twitter_site":"@Beahub_inc","twitter_misc":{"Dur\u00e9e de lecture estim\u00e9e":"7 minutes"},"schema":{"@context":"https:\/\/schema.org","@graph":[{"@type":"WebPage","@id":"https:\/\/beahub.com\/term-of-services\/","url":"https:\/\/beahub.com\/term-of-services\/","name":"Dur\u00e9e des services - BeaHub","isPartOf":{"@id":"https:\/\/beahub.com\/#website"},"datePublished":"2023-05-19T16:37:03+00:00","dateModified":"2023-08-22T10:00:14+00:00","breadcrumb":{"@id":"https:\/\/beahub.com\/term-of-services\/#breadcrumb"},"inLanguage":"fr-FR","potentialAction":[{"@type":"ReadAction","target":["https:\/\/beahub.com\/term-of-services\/"]}]},{"@type":"BreadcrumbList","@id":"https:\/\/beahub.com\/term-of-services\/#breadcrumb","itemListElement":[{"@type":"ListItem","position":1,"name":"Home","item":"https:\/\/beahub.com\/fr\/"},{"@type":"ListItem","position":2,"name":"Dur\u00e9e des services"}]},{"@type":"WebSite","@id":"https:\/\/beahub.com\/#website","url":"https:\/\/beahub.com\/","name":"BeaHub","description":"spa, wellness, spa platform, beauty salon, nail salon, massage therapy, health clinic","publisher":{"@id":"https:\/\/beahub.com\/#organization"},"potentialAction":[{"@type":"SearchAction","target":{"@type":"EntryPoint","urlTemplate":"https:\/\/beahub.com\/?s={search_term_string}"},"query-input":{"@type":"PropertyValueSpecification","valueRequired":true,"valueName":"search_term_string"}}],"inLanguage":"fr-FR"},{"@type":"Organization","@id":"https:\/\/beahub.com\/#organization","name":"BeaHub","url":"https:\/\/beahub.com\/","logo":{"@type":"ImageObject","inLanguage":"fr-FR","@id":"https:\/\/beahub.com\/#\/schema\/logo\/image\/","url":"https:\/\/beahub.com\/wp-content\/uploads\/2022\/07\/logo-beahub.svg","contentUrl":"https:\/\/beahub.com\/wp-content\/uploads\/2022\/07\/logo-beahub.svg","width":1694,"height":420,"caption":"BeaHub"},"image":{"@id":"https:\/\/beahub.com\/#\/schema\/logo\/image\/"},"sameAs":["https:\/\/www.facebook.com\/beahubs","https:\/\/x.com\/Beahub_inc","https:\/\/www.youtube.com\/channel\/UC3BF3QAewsEZqIcbEIHynAA?themeRefresh=1"]}]}},"_links":{"self":[{"href":"https:\/\/beahub.com\/fr\/wp-json\/wp\/v2\/pages\/3256"}],"collection":[{"href":"https:\/\/beahub.com\/fr\/wp-json\/wp\/v2\/pages"}],"about":[{"href":"https:\/\/beahub.com\/fr\/wp-json\/wp\/v2\/types\/page"}],"author":[{"embeddable":true,"href":"https:\/\/beahub.com\/fr\/wp-json\/wp\/v2\/users\/1"}],"replies":[{"embeddable":true,"href":"https:\/\/beahub.com\/fr\/wp-json\/wp\/v2\/comments?post=3256"}],"version-history":[{"count":1,"href":"https:\/\/beahub.com\/fr\/wp-json\/wp\/v2\/pages\/3256\/revisions"}],"predecessor-version":[{"id":6426,"href":"https:\/\/beahub.com\/fr\/wp-json\/wp\/v2\/pages\/3256\/revisions\/6426"}],"wp:attachment":[{"href":"https:\/\/beahub.com\/fr\/wp-json\/wp\/v2\/media?parent=3256"}],"curies":[{"name":"wp","href":"https:\/\/api.w.org\/{rel}","templated":true}]}}