
{"id":8009,"date":"2024-05-14T11:27:17","date_gmt":"2024-05-14T11:27:17","guid":{"rendered":"https:\/\/beahub.com\/beahub-ho-tro\/"},"modified":"2025-07-30T03:56:18","modified_gmt":"2025-07-30T03:56:18","slug":"beahub-ho-tro","status":"publish","type":"page","link":"https:\/\/beahub.com\/vi\/beahub-ho-tro\/","title":{"rendered":"Beahub H\u1ed7 Tr\u1ee3"},"content":{"rendered":"<p><div class=\"fusion-fullwidth fullwidth-box fusion-builder-row-1 fusion-flex-container has-pattern-background has-mask-background fusion-parallax-none nonhundred-percent-fullwidth non-hundred-percent-height-scrolling lazyload\" style=\"--link_hover_color: #6271fc;--link_color: var(--awb-color5);--awb-border-color:#ffffff;--awb-border-radius-top-left:0px;--awb-border-radius-top-right:0px;--awb-border-radius-bottom-right:0px;--awb-border-radius-bottom-left:0px;--awb-padding-top:160px;--awb-padding-bottom:60px;--awb-padding-top-medium:100px;--awb-padding-bottom-medium:60px;--awb-padding-top-small:100px;--awb-padding-bottom-small:60px;--awb-margin-bottom-medium:0px;--awb-background-color:rgba(0,0,0,0.62);--awb-background-image:linear-gradient(152deg, rgba(0,0,0,0.62) 0%,rgba(0,0,0,0.62) 70%);;--awb-background-size:cover;--awb-flex-wrap:wrap;\" data-bg=\"https:\/\/beahub.com\/wp-content\/uploads\/2024\/05\/triumph-virtual-call-center-team-celebration.webp\" data-bg-gradient=\"linear-gradient(152deg, rgba(0,0,0,0.62) 0%,rgba(0,0,0,0.62) 70%)\" ><div class=\"fusion-builder-row fusion-row fusion-flex-align-items-center fusion-flex-justify-content-center fusion-flex-content-wrap\" style=\"max-width:1331.2px;margin-left: calc(-4% \/ 2 );margin-right: calc(-4% \/ 2 );\"><div class=\"fusion-layout-column fusion_builder_column fusion-builder-column-0 fusion_builder_column_3_5 3_5 fusion-flex-column fusion-animated\" style=\"--awb-padding-bottom-medium:0px;--awb-bg-size:cover;--awb-width-large:60%;--awb-margin-top-large:0px;--awb-spacing-right-large:3.2%;--awb-margin-bottom-large:0px;--awb-spacing-left-large:3.2%;--awb-width-medium:100%;--awb-order-medium:0;--awb-spacing-right-medium:1.92%;--awb-spacing-left-medium:20px;--awb-width-small:100%;--awb-order-small:0;--awb-spacing-right-small:1.92%;--awb-spacing-left-small:20px;\" data-animationType=\"fadeInRight\" data-animationDuration=\"1.3\" data-animationOffset=\"top-into-view\" data-scroll-devices=\"small-visibility,medium-visibility,large-visibility\"><div class=\"fusion-column-wrapper fusion-column-has-shadow fusion-flex-justify-content-flex-start fusion-content-layout-column\"><div class=\"fusion-title title fusion-title-1 fusion-sep-none fusion-title-center fusion-title-text fusion-title-size-three\" style=\"--awb-text-color:#ffffff;--awb-margin-top:0px;--awb-margin-bottom:30px;--awb-margin-bottom-medium:20px;--awb-sep-color:#f2f3f5;--awb-font-size:36px;\"><h3 class=\"fusion-title-heading title-heading-center fusion-responsive-typography-calculated\" style=\"font-family:&quot;Quicksand&quot;;font-style:normal;font-weight:500;margin:0;font-size:1em;text-transform:var(--awb-typography1-text-transform);--fontSize:36;line-height:0.9;\">H\u00f4m nay, ch\u00fang t\u00f4i c\u00f3 th\u1ec3 gi\u00fap g\u00ec cho b\u1ea1n?<\/h3><\/div><div class=\"fusion-text fusion-text-1 search-ct\">\t\t<form role=\"search\" class=\"searchform fusion-search-form  fusion-live-search fusion-search-form-classic\" method=\"get\" action=\"https:\/\/beahub.com\/vi\/\">\n\t\t\t<div class=\"fusion-search-form-content\">\n\n\t\t\t\t\n\t\t\t\t<div class=\"fusion-search-field search-field\">\n\t\t\t\t\t<label><span class=\"screen-reader-text\">Search for:<\/span>\n\t\t\t\t\t\t\t\t\t\t\t\t\t<input type=\"search\" class=\"s fusion-live-search-input\" name=\"s\" id=\"fusion-live-search-input-0\" autocomplete=\"off\" placeholder=\"Search...\" required aria-required=\"true\" aria-label=\"Search...\"\/>\n\t\t\t\t\t\t\t\t\t\t\t<\/label>\n\t\t\t\t<\/div>\n\t\t\t\t<div class=\"fusion-search-button search-button\">\n\t\t\t\t\t<input type=\"submit\" class=\"fusion-search-submit searchsubmit\" aria-label=\"Search\" value=\"&#xf002;\" \/>\n\t\t\t\t\t\t\t\t\t\t<div class=\"fusion-slider-loading\"><\/div>\n\t\t\t\t\t\t\t\t\t<\/div>\n\n\t\t\t\t\n\t\t\t<\/div>\n\n\n\t\t\t\t\t\t\t<div class=\"fusion-search-results-wrapper\"><div class=\"fusion-search-results\"><\/div><\/div>\n\t\t\t\n\t\t<input type=\"hidden\" name=\"id\" value=\"6005\" \/><input type=\"hidden\" name=\"post_type\" value=\"post\" \/><\/form>\n\t\t\n<\/div><\/div><\/div><\/div><\/div><div class=\"fusion-fullwidth fullwidth-box fusion-builder-row-2 fusion-flex-container has-pattern-background has-mask-background nonhundred-percent-fullwidth non-hundred-percent-height-scrolling\" style=\"--awb-border-radius-top-left:0px;--awb-border-radius-top-right:0px;--awb-border-radius-bottom-right:0px;--awb-border-radius-bottom-left:0px;--awb-padding-top:50px;--awb-padding-bottom:0px;--awb-flex-wrap:wrap;\" ><div class=\"fusion-builder-row fusion-row fusion-flex-align-items-flex-start fusion-flex-justify-content-center fusion-flex-content-wrap\" style=\"max-width:1331.2px;margin-left: calc(-4% \/ 2 );margin-right: calc(-4% \/ 2 );\"><div class=\"fusion-layout-column fusion_builder_column fusion-builder-column-1 fusion_builder_column_4_5 4_5 fusion-flex-column\" style=\"--awb-bg-size:cover;--awb-width-large:80%;--awb-margin-top-large:10px;--awb-spacing-right-large:2.4%;--awb-margin-bottom-large:10px;--awb-spacing-left-large:2.4%;--awb-width-medium:100%;--awb-order-medium:0;--awb-spacing-right-medium:1.92%;--awb-spacing-left-medium:1.92%;--awb-width-small:100%;--awb-order-small:0;--awb-spacing-right-small:1.92%;--awb-spacing-left-small:1.92%;\"><div class=\"fusion-column-wrapper fusion-column-has-shadow fusion-flex-justify-content-flex-start fusion-content-layout-column\"><nav class=\"awb-menu awb-menu_row awb-menu_em-hover mobile-mode-collapse-to-button awb-menu_icons-left awb-menu_dc-no mobile-trigger-fullwidth-off awb-menu_mobile-toggle awb-menu_indent-left mobile-size-full-absolute loading mega-menu-loading awb-menu_desktop awb-menu_dropdown awb-menu_expand-right awb-menu_transition-fade menu-list-three menu-list-one\" style=\"--awb-min-height:80px;--awb-bg:var(--awb-color1);--awb-border-radius-top-left:8px;--awb-border-radius-top-right:8px;--awb-border-radius-bottom-right:8px;--awb-border-radius-bottom-left:8px;--awb-justify-content:center;--awb-active-color:var(--awb-color1);--awb-active-bg:var(--awb-color4);--awb-main-justify-content:center;--awb-mobile-justify:flex-start;--awb-mobile-caret-left:auto;--awb-mobile-caret-right:0;--awb-fusion-font-family-typography:inherit;--awb-fusion-font-style-typography:normal;--awb-fusion-font-weight-typography:400;--awb-fusion-font-family-submenu-typography:inherit;--awb-fusion-font-style-submenu-typography:normal;--awb-fusion-font-weight-submenu-typography:400;--awb-fusion-font-family-mobile-typography:inherit;--awb-fusion-font-style-mobile-typography:normal;--awb-fusion-font-weight-mobile-typography:400;\" aria-label=\"menu catalog top - vn\" data-breakpoint=\"0\" data-count=\"0\" data-transition-type=\"fade\" data-transition-time=\"300\" data-expand=\"right\"><ul id=\"menu-menu-catalog-top-vn\" class=\"fusion-menu awb-menu__main-ul awb-menu__main-ul_row\"><li  id=\"menu-item-8296\"  class=\"menu-item menu-item-type-custom menu-item-object-custom menu-item-8296 awb-menu__li awb-menu__main-li awb-menu__main-li_regular\"  data-item-id=\"8296\"><span class=\"awb-menu__main-background-default awb-menu__main-background-default_fade\"><\/span><span class=\"awb-menu__main-background-active awb-menu__main-background-active_fade\"><\/span><a  href=\"\/vi\/category\/video-huong-dan\/\" class=\"awb-menu__main-a awb-menu__main-a_regular fusion-flex-link\"><span class=\"awb-menu__i awb-menu__i_main fusion-megamenu-icon fusion-megamenu-image\"><img class=\"lazyload\" decoding=\"async\" src=\"data:image\/svg+xml,%3Csvg%20xmlns%3D%27http%3A%2F%2Fwww.w3.org%2F2000%2Fsvg%27%20width%3D%27100%27%20height%3D%27100%27%20viewBox%3D%270%200%20100%20100%27%3E%3Crect%20width%3D%27100%27%20height%3D%27100%27%20fill-opacity%3D%220%22%2F%3E%3C%2Fsvg%3E\" data-orig-src=\"https:\/\/beahub.com\/wp-content\/uploads\/2025\/07\/icon-play.svg\" alt=\"\" title=\"icon-play\"><\/span><span class=\"menu-text\">Video h\u01b0\u1edbng d\u1eabn<\/span><\/a><\/li><\/ul><\/nav><\/div><\/div><\/div><\/div><div class=\"fusion-fullwidth fullwidth-box fusion-builder-row-3 fusion-flex-container has-pattern-background has-mask-background nonhundred-percent-fullwidth non-hundred-percent-height-scrolling\" style=\"--awb-border-radius-top-left:0px;--awb-border-radius-top-right:0px;--awb-border-radius-bottom-right:0px;--awb-border-radius-bottom-left:0px;--awb-padding-top:0px;--awb-padding-bottom:50px;--awb-flex-wrap:wrap;\" ><div class=\"fusion-builder-row fusion-row fusion-flex-align-items-flex-start fusion-flex-justify-content-center fusion-flex-content-wrap\" style=\"max-width:1331.2px;margin-left: calc(-4% \/ 2 );margin-right: calc(-4% \/ 2 );\"><div class=\"fusion-layout-column fusion_builder_column fusion-builder-column-2 fusion_builder_column_4_5 4_5 fusion-flex-column\" style=\"--awb-bg-size:cover;--awb-width-large:80%;--awb-margin-top-large:10px;--awb-spacing-right-large:2.4%;--awb-margin-bottom-large:10px;--awb-spacing-left-large:2.4%;--awb-width-medium:100%;--awb-order-medium:0;--awb-spacing-right-medium:1.92%;--awb-spacing-left-medium:1.92%;--awb-width-small:100%;--awb-order-small:0;--awb-spacing-right-small:1.92%;--awb-spacing-left-small:1.92%;\"><div class=\"fusion-column-wrapper fusion-column-has-shadow fusion-flex-justify-content-flex-start fusion-content-layout-column\"><nav class=\"awb-menu awb-menu_row awb-menu_em-hover mobile-mode-collapse-to-button awb-menu_icons-left awb-menu_dc-no mobile-trigger-fullwidth-off awb-menu_mobile-toggle awb-menu_indent-left mobile-size-full-absolute loading mega-menu-loading awb-menu_desktop awb-menu_dropdown awb-menu_expand-right awb-menu_transition-fade menu-list-three\" style=\"--awb-min-height:80px;--awb-bg:var(--awb-color1);--awb-border-radius-top-left:8px;--awb-border-radius-top-right:8px;--awb-border-radius-bottom-right:8px;--awb-border-radius-bottom-left:8px;--awb-justify-content:center;--awb-active-color:var(--awb-color1);--awb-active-bg:var(--awb-color4);--awb-main-justify-content:center;--awb-mobile-justify:flex-start;--awb-mobile-caret-left:auto;--awb-mobile-caret-right:0;--awb-fusion-font-family-typography:inherit;--awb-fusion-font-style-typography:normal;--awb-fusion-font-weight-typography:400;--awb-fusion-font-family-submenu-typography:inherit;--awb-fusion-font-style-submenu-typography:normal;--awb-fusion-font-weight-submenu-typography:400;--awb-fusion-font-family-mobile-typography:inherit;--awb-fusion-font-style-mobile-typography:normal;--awb-fusion-font-weight-mobile-typography:400;\" aria-label=\"menu catalog\" data-breakpoint=\"0\" data-count=\"1\" data-transition-type=\"fade\" data-transition-time=\"300\" data-expand=\"right\"><ul id=\"menu-menu-catalog-vn\" class=\"fusion-menu awb-menu__main-ul awb-menu__main-ul_row\"><li  id=\"menu-item-8246\"  class=\"menu-item menu-item-type-custom menu-item-object-custom menu-item-8246 awb-menu__li awb-menu__main-li awb-menu__main-li_regular\"  data-item-id=\"8246\"><span class=\"awb-menu__main-background-default awb-menu__main-background-default_fade\"><\/span><span class=\"awb-menu__main-background-active awb-menu__main-background-active_fade\"><\/span><a  href=\"\/vi\/category\/bat-dau-voi-beahub\/\" class=\"awb-menu__main-a awb-menu__main-a_regular\"><span class=\"menu-text\">B\u1eaft \u0111\u1ea7u v\u1edbi Beahub<\/span><\/a><\/li><li  id=\"menu-item-8247\"  class=\"menu-item menu-item-type-custom menu-item-object-custom menu-item-8247 awb-menu__li awb-menu__main-li awb-menu__main-li_regular\"  data-item-id=\"8247\"><span class=\"awb-menu__main-background-default awb-menu__main-background-default_fade\"><\/span><span class=\"awb-menu__main-background-active awb-menu__main-background-active_fade\"><\/span><a  href=\"\/vi\/category\/cai-dat-dia-diem\/\" class=\"awb-menu__main-a awb-menu__main-a_regular\"><span class=\"menu-text\">C\u00e0i \u0111\u1eb7t \u0111\u1ecba \u0111i\u1ec3m<\/span><\/a><\/li><li  id=\"menu-item-8286\"  class=\"menu-item menu-item-type-custom menu-item-object-custom menu-item-8286 awb-menu__li awb-menu__main-li awb-menu__main-li_regular\"  data-item-id=\"8286\"><span class=\"awb-menu__main-background-default awb-menu__main-background-default_fade\"><\/span><span class=\"awb-menu__main-background-active awb-menu__main-background-active_fade\"><\/span><a  href=\"\/vi\/category\/quan-ly-san-pham-dich-vu-va-goi-combo\/\" class=\"awb-menu__main-a awb-menu__main-a_regular\"><span class=\"menu-text\">Qu\u1ea3n l\u00fd S\u1ea3n ph\u1ea9m, D\u1ecbch v\u1ee5 v\u00e0 G\u00f3i combo<\/span><\/a><\/li><li  id=\"menu-item-8287\"  class=\"menu-item menu-item-type-custom menu-item-object-custom menu-item-8287 awb-menu__li awb-menu__main-li awb-menu__main-li_regular\"  data-item-id=\"8287\"><span class=\"awb-menu__main-background-default awb-menu__main-background-default_fade\"><\/span><span class=\"awb-menu__main-background-active awb-menu__main-background-active_fade\"><\/span><a  href=\"\/vi\/category\/xay-dung-doi-ngu\/\" class=\"awb-menu__main-a awb-menu__main-a_regular\"><span class=\"menu-text\">X\u00e2y d\u1ef1ng \u0111\u1ed9i ng\u0169<\/span><\/a><\/li><li  id=\"menu-item-8288\"  class=\"menu-item menu-item-type-custom menu-item-object-custom menu-item-8288 awb-menu__li awb-menu__main-li awb-menu__main-li_regular\"  data-item-id=\"8288\"><span class=\"awb-menu__main-background-default awb-menu__main-background-default_fade\"><\/span><span class=\"awb-menu__main-background-active awb-menu__main-background-active_fade\"><\/span><a  href=\"\/vi\/category\/thiet-lap-bang-luong-linh-hoat\/\" class=\"awb-menu__main-a awb-menu__main-a_regular\"><span class=\"menu-text\">Thi\u1ebft l\u1eadp b\u1ea3ng l\u01b0\u01a1ng linh ho\u1ea1t<\/span><\/a><\/li><li  id=\"menu-item-8289\"  class=\"menu-item menu-item-type-custom menu-item-object-custom menu-item-8289 awb-menu__li awb-menu__main-li awb-menu__main-li_regular\"  data-item-id=\"8289\"><span class=\"awb-menu__main-background-default awb-menu__main-background-default_fade\"><\/span><span class=\"awb-menu__main-background-active awb-menu__main-background-active_fade\"><\/span><a  href=\"\/vi\/category\/chay-chien-dich-khuyen-mai\/\" class=\"awb-menu__main-a awb-menu__main-a_regular\"><span class=\"menu-text\">Ch\u1ea1y chi\u1ebfn d\u1ecbch khuy\u1ebfn m\u00e3i<\/span><\/a><\/li><li  id=\"menu-item-8290\"  class=\"menu-item menu-item-type-custom menu-item-object-custom menu-item-8290 awb-menu__li awb-menu__main-li awb-menu__main-li_regular\"  data-item-id=\"8290\"><span class=\"awb-menu__main-background-default awb-menu__main-background-default_fade\"><\/span><span class=\"awb-menu__main-background-active awb-menu__main-background-active_fade\"><\/span><a  href=\"\/vi\/category\/xay-dung-ung-dung-thuong-hieu-rieng\/\" class=\"awb-menu__main-a awb-menu__main-a_regular\"><span class=\"menu-text\">X\u00e2y d\u1ef1ng \u1ee9ng d\u1ee5ng th\u01b0\u01a1ng hi\u1ec7u ri\u00eang<\/span><\/a><\/li><li  id=\"menu-item-8291\"  class=\"menu-item menu-item-type-custom menu-item-object-custom menu-item-8291 awb-menu__li awb-menu__main-li awb-menu__main-li_regular\"  data-item-id=\"8291\"><span class=\"awb-menu__main-background-default awb-menu__main-background-default_fade\"><\/span><span class=\"awb-menu__main-background-active awb-menu__main-background-active_fade\"><\/span><a  href=\"\/vi\/category\/kich-hoat-thanh-toan-truc-tuyen\/\" class=\"awb-menu__main-a awb-menu__main-a_regular\"><span class=\"menu-text\">K\u00edch ho\u1ea1t thanh to\u00e1n tr\u1ef1c tuy\u1ebfn<\/span><\/a><\/li><li  id=\"menu-item-8292\"  class=\"menu-item menu-item-type-custom menu-item-object-custom menu-item-8292 awb-menu__li awb-menu__main-li awb-menu__main-li_regular\"  data-item-id=\"8292\"><span class=\"awb-menu__main-background-default awb-menu__main-background-default_fade\"><\/span><span class=\"awb-menu__main-background-active awb-menu__main-background-active_fade\"><\/span><a  href=\"\/vi\/category\/lich-va-dat-lich-hen\/\" class=\"awb-menu__main-a awb-menu__main-a_regular\"><span class=\"menu-text\">L\u1ecbch v\u00e0 \u0110\u1eb7t l\u1ecbch h\u1eb9n<\/span><\/a><\/li><li  id=\"menu-item-8293\"  class=\"menu-item menu-item-type-custom menu-item-object-custom menu-item-8293 awb-menu__li awb-menu__main-li awb-menu__main-li_regular\"  data-item-id=\"8293\"><span class=\"awb-menu__main-background-default awb-menu__main-background-default_fade\"><\/span><span class=\"awb-menu__main-background-active awb-menu__main-background-active_fade\"><\/span><a  href=\"\/vi\/category\/bao-cao-va-bang-dieu-khien\/\" class=\"awb-menu__main-a awb-menu__main-a_regular\"><span class=\"menu-text\">B\u00e1o c\u00e1o v\u00e0 B\u1ea3ng \u0111i\u1ec1u khi\u1ec3n<\/span><\/a><\/li><li  id=\"menu-item-8294\"  class=\"menu-item menu-item-type-custom menu-item-object-custom menu-item-8294 awb-menu__li awb-menu__main-li awb-menu__main-li_regular\"  data-item-id=\"8294\"><span class=\"awb-menu__main-background-default awb-menu__main-background-default_fade\"><\/span><span class=\"awb-menu__main-background-active awb-menu__main-background-active_fade\"><\/span><a  href=\"\/vi\/category\/quan-ly-don-hang-va-ton-kho\/\" class=\"awb-menu__main-a awb-menu__main-a_regular\"><span class=\"menu-text\">Qu\u1ea3n l\u00fd \u0111\u01a1n h\u00e0ng v\u00e0 t\u1ed3n kho<\/span><\/a><\/li><li  id=\"menu-item-8295\"  class=\"menu-item menu-item-type-custom menu-item-object-custom menu-item-8295 awb-menu__li awb-menu__main-li awb-menu__main-li_regular\"  data-item-id=\"8295\"><span class=\"awb-menu__main-background-default awb-menu__main-background-default_fade\"><\/span><span class=\"awb-menu__main-background-active awb-menu__main-background-active_fade\"><\/span><a  href=\"\/vi\/category\/huong-dan-tro-giup\/\" class=\"awb-menu__main-a awb-menu__main-a_regular\"><span class=\"menu-text\">H\u01b0\u1edbng d\u1eabn tr\u1ee3 gi\u00fap<\/span><\/a><\/li><\/ul><\/nav><\/div><\/div><\/div><\/div><\/p>\n","protected":false},"excerpt":{"rendered":"","protected":false},"author":1,"featured_media":0,"parent":0,"menu_order":0,"comment_status":"closed","ping_status":"closed","template":"100-width.php","meta":{"inline_featured_image":false,"footnotes":""},"class_list":["post-8009","page","type-page","status-publish","hentry"],"yoast_head":"<!-- This site is optimized with the Yoast SEO plugin v24.7 - https:\/\/yoast.com\/wordpress\/plugins\/seo\/ -->\n<title>Beahub H\u1ed7 Tr\u1ee3 - BeaHub<\/title>\n<meta name=\"robots\" content=\"index, follow, max-snippet:-1, max-image-preview:large, max-video-preview:-1\" \/>\n<link rel=\"canonical\" href=\"https:\/\/beahub.com\/vi\/beahub-ho-tro\/\" \/>\n<meta property=\"og:locale\" content=\"vi_VN\" \/>\n<meta property=\"og:type\" content=\"article\" \/>\n<meta property=\"og:title\" content=\"Beahub H\u1ed7 Tr\u1ee3 - BeaHub\" \/>\n<meta property=\"og:url\" content=\"https:\/\/beahub.com\/vi\/beahub-ho-tro\/\" \/>\n<meta property=\"og:site_name\" content=\"BeaHub\" \/>\n<meta property=\"article:publisher\" content=\"https:\/\/www.facebook.com\/beahubs\" \/>\n<meta property=\"article:modified_time\" content=\"2025-07-30T03:56:18+00:00\" \/>\n<meta name=\"twitter:card\" content=\"summary_large_image\" \/>\n<meta name=\"twitter:site\" content=\"@Beahub_inc\" \/>\n<meta name=\"twitter:label1\" content=\"Est. reading time\" \/>\n\t<meta name=\"twitter:data1\" content=\"1 minute\" \/>\n<script type=\"application\/ld+json\" class=\"yoast-schema-graph\">{\"@context\":\"https:\/\/schema.org\",\"@graph\":[{\"@type\":\"WebPage\",\"@id\":\"https:\/\/beahub.com\/vi\/beahub-ho-tro\/\",\"url\":\"https:\/\/beahub.com\/vi\/beahub-ho-tro\/\",\"name\":\"Beahub H\u1ed7 Tr\u1ee3 - BeaHub\",\"isPartOf\":{\"@id\":\"https:\/\/beahub.com\/#website\"},\"datePublished\":\"2024-05-14T11:27:17+00:00\",\"dateModified\":\"2025-07-30T03:56:18+00:00\",\"breadcrumb\":{\"@id\":\"https:\/\/beahub.com\/vi\/beahub-ho-tro\/#breadcrumb\"},\"inLanguage\":\"vi-VN\",\"potentialAction\":[{\"@type\":\"ReadAction\",\"target\":[\"https:\/\/beahub.com\/vi\/beahub-ho-tro\/\"]}]},{\"@type\":\"BreadcrumbList\",\"@id\":\"https:\/\/beahub.com\/vi\/beahub-ho-tro\/#breadcrumb\",\"itemListElement\":[{\"@type\":\"ListItem\",\"position\":1,\"name\":\"Home\",\"item\":\"https:\/\/beahub.com\/vi\/\"},{\"@type\":\"ListItem\",\"position\":2,\"name\":\"Beahub H\u1ed7 Tr\u1ee3\"}]},{\"@type\":\"WebSite\",\"@id\":\"https:\/\/beahub.com\/#website\",\"url\":\"https:\/\/beahub.com\/\",\"name\":\"BeaHub\",\"description\":\"spa, wellness, spa platform, beauty salon, nail salon, massage therapy, health clinic\",\"publisher\":{\"@id\":\"https:\/\/beahub.com\/#organization\"},\"potentialAction\":[{\"@type\":\"SearchAction\",\"target\":{\"@type\":\"EntryPoint\",\"urlTemplate\":\"https:\/\/beahub.com\/?s={search_term_string}\"},\"query-input\":{\"@type\":\"PropertyValueSpecification\",\"valueRequired\":true,\"valueName\":\"search_term_string\"}}],\"inLanguage\":\"vi-VN\"},{\"@type\":\"Organization\",\"@id\":\"https:\/\/beahub.com\/#organization\",\"name\":\"BeaHub\",\"url\":\"https:\/\/beahub.com\/\",\"logo\":{\"@type\":\"ImageObject\",\"inLanguage\":\"vi-VN\",\"@id\":\"https:\/\/beahub.com\/#\/schema\/logo\/image\/\",\"url\":\"https:\/\/beahub.com\/wp-content\/uploads\/2022\/07\/logo-beahub.svg\",\"contentUrl\":\"https:\/\/beahub.com\/wp-content\/uploads\/2022\/07\/logo-beahub.svg\",\"width\":1694,\"height\":420,\"caption\":\"BeaHub\"},\"image\":{\"@id\":\"https:\/\/beahub.com\/#\/schema\/logo\/image\/\"},\"sameAs\":[\"https:\/\/www.facebook.com\/beahubs\",\"https:\/\/x.com\/Beahub_inc\",\"https:\/\/www.youtube.com\/channel\/UC3BF3QAewsEZqIcbEIHynAA?themeRefresh=1\"]}]}<\/script>\n<!-- \/ Yoast SEO plugin. -->","yoast_head_json":{"title":"Beahub H\u1ed7 Tr\u1ee3 - BeaHub","robots":{"index":"index","follow":"follow","max-snippet":"max-snippet:-1","max-image-preview":"max-image-preview:large","max-video-preview":"max-video-preview:-1"},"canonical":"https:\/\/beahub.com\/vi\/beahub-ho-tro\/","og_locale":"vi_VN","og_type":"article","og_title":"Beahub H\u1ed7 Tr\u1ee3 - BeaHub","og_url":"https:\/\/beahub.com\/vi\/beahub-ho-tro\/","og_site_name":"BeaHub","article_publisher":"https:\/\/www.facebook.com\/beahubs","article_modified_time":"2025-07-30T03:56:18+00:00","twitter_card":"summary_large_image","twitter_site":"@Beahub_inc","twitter_misc":{"Est. reading time":"1 minute"},"schema":{"@context":"https:\/\/schema.org","@graph":[{"@type":"WebPage","@id":"https:\/\/beahub.com\/vi\/beahub-ho-tro\/","url":"https:\/\/beahub.com\/vi\/beahub-ho-tro\/","name":"Beahub H\u1ed7 Tr\u1ee3 - BeaHub","isPartOf":{"@id":"https:\/\/beahub.com\/#website"},"datePublished":"2024-05-14T11:27:17+00:00","dateModified":"2025-07-30T03:56:18+00:00","breadcrumb":{"@id":"https:\/\/beahub.com\/vi\/beahub-ho-tro\/#breadcrumb"},"inLanguage":"vi-VN","potentialAction":[{"@type":"ReadAction","target":["https:\/\/beahub.com\/vi\/beahub-ho-tro\/"]}]},{"@type":"BreadcrumbList","@id":"https:\/\/beahub.com\/vi\/beahub-ho-tro\/#breadcrumb","itemListElement":[{"@type":"ListItem","position":1,"name":"Home","item":"https:\/\/beahub.com\/vi\/"},{"@type":"ListItem","position":2,"name":"Beahub H\u1ed7 Tr\u1ee3"}]},{"@type":"WebSite","@id":"https:\/\/beahub.com\/#website","url":"https:\/\/beahub.com\/","name":"BeaHub","description":"spa, wellness, spa platform, beauty salon, nail salon, massage therapy, health clinic","publisher":{"@id":"https:\/\/beahub.com\/#organization"},"potentialAction":[{"@type":"SearchAction","target":{"@type":"EntryPoint","urlTemplate":"https:\/\/beahub.com\/?s={search_term_string}"},"query-input":{"@type":"PropertyValueSpecification","valueRequired":true,"valueName":"search_term_string"}}],"inLanguage":"vi-VN"},{"@type":"Organization","@id":"https:\/\/beahub.com\/#organization","name":"BeaHub","url":"https:\/\/beahub.com\/","logo":{"@type":"ImageObject","inLanguage":"vi-VN","@id":"https:\/\/beahub.com\/#\/schema\/logo\/image\/","url":"https:\/\/beahub.com\/wp-content\/uploads\/2022\/07\/logo-beahub.svg","contentUrl":"https:\/\/beahub.com\/wp-content\/uploads\/2022\/07\/logo-beahub.svg","width":1694,"height":420,"caption":"BeaHub"},"image":{"@id":"https:\/\/beahub.com\/#\/schema\/logo\/image\/"},"sameAs":["https:\/\/www.facebook.com\/beahubs","https:\/\/x.com\/Beahub_inc","https:\/\/www.youtube.com\/channel\/UC3BF3QAewsEZqIcbEIHynAA?themeRefresh=1"]}]}},"_links":{"self":[{"href":"https:\/\/beahub.com\/vi\/wp-json\/wp\/v2\/pages\/8009"}],"collection":[{"href":"https:\/\/beahub.com\/vi\/wp-json\/wp\/v2\/pages"}],"about":[{"href":"https:\/\/beahub.com\/vi\/wp-json\/wp\/v2\/types\/page"}],"author":[{"embeddable":true,"href":"https:\/\/beahub.com\/vi\/wp-json\/wp\/v2\/users\/1"}],"replies":[{"embeddable":true,"href":"https:\/\/beahub.com\/vi\/wp-json\/wp\/v2\/comments?post=8009"}],"version-history":[{"count":2,"href":"https:\/\/beahub.com\/vi\/wp-json\/wp\/v2\/pages\/8009\/revisions"}],"predecessor-version":[{"id":8299,"href":"https:\/\/beahub.com\/vi\/wp-json\/wp\/v2\/pages\/8009\/revisions\/8299"}],"wp:attachment":[{"href":"https:\/\/beahub.com\/vi\/wp-json\/wp\/v2\/media?parent=8009"}],"curies":[{"name":"wp","href":"https:\/\/api.w.org\/{rel}","templated":true}]}}