
{"id":8011,"date":"2023-05-19T16:51:44","date_gmt":"2023-05-19T16:51:44","guid":{"rendered":"https:\/\/beahub.com\/chinh-sach-bao-mat\/"},"modified":"2025-07-28T09:58:28","modified_gmt":"2025-07-28T09:58:28","slug":"chinh-sach-bao-mat","status":"publish","type":"page","link":"https:\/\/beahub.com\/vi\/chinh-sach-bao-mat\/","title":{"rendered":"Ch\u00ednh S\u00e1ch B\u1ea3o M\u1eadt"},"content":{"rendered":"<p><div class=\"fusion-fullwidth fullwidth-box fusion-builder-row-1 fusion-flex-container has-pattern-background has-mask-background fusion-parallax-none nonhundred-percent-fullwidth non-hundred-percent-height-scrolling\" style=\"--awb-border-radius-top-left:0px;--awb-border-radius-top-right:0px;--awb-border-radius-bottom-right:0px;--awb-border-radius-bottom-left:0px;--awb-padding-top:60px;--awb-padding-bottom:60px;--awb-margin-top:-120px;--awb-background-image:url(&quot;https:\/\/beahub.com\/wp-content\/uploads\/2023\/05\/20230520_080519-1200x152.png&quot;);--awb-background-size:cover;--awb-flex-wrap:wrap;\" data-preload-img=\"https:\/\/beahub.com\/wp-content\/uploads\/2023\/05\/20230520_080519-1200x152.png\" ><div class=\"fusion-builder-row fusion-row fusion-flex-align-items-flex-start fusion-flex-content-wrap\" style=\"max-width:1331.2px;margin-left: calc(-4% \/ 2 );margin-right: calc(-4% \/ 2 );\"><div class=\"fusion-layout-column fusion_builder_column fusion-builder-column-0 fusion_builder_column_1_1 1_1 fusion-flex-column\" style=\"--awb-bg-size:cover;--awb-width-large:100%;--awb-margin-top-large:10px;--awb-spacing-right-large:1.92%;--awb-margin-bottom-large:10px;--awb-spacing-left-large:1.92%;--awb-width-medium:100%;--awb-order-medium:0;--awb-spacing-right-medium:1.92%;--awb-spacing-left-medium:1.92%;--awb-width-small:100%;--awb-order-small:0;--awb-spacing-right-small:1.92%;--awb-spacing-left-small:1.92%;\"><div class=\"fusion-column-wrapper fusion-column-has-shadow fusion-flex-justify-content-flex-start fusion-content-layout-column\"><\/div><\/div><\/div><\/div><div class=\"fusion-fullwidth fullwidth-box fusion-builder-row-2 fusion-flex-container has-pattern-background has-mask-background nonhundred-percent-fullwidth non-hundred-percent-height-scrolling\" style=\"--awb-border-radius-top-left:0px;--awb-border-radius-top-right:0px;--awb-border-radius-bottom-right:0px;--awb-border-radius-bottom-left:0px;--awb-flex-wrap:wrap;\" ><div class=\"fusion-builder-row fusion-row fusion-flex-align-items-flex-start fusion-flex-content-wrap\" style=\"max-width:1331.2px;margin-left: calc(-4% \/ 2 );margin-right: calc(-4% \/ 2 );\"><div class=\"fusion-layout-column fusion_builder_column fusion-builder-column-1 fusion_builder_column_1_1 1_1 fusion-flex-column\" style=\"--awb-bg-size:cover;--awb-width-large:100%;--awb-margin-top-large:20px;--awb-spacing-right-large:1.92%;--awb-margin-bottom-large:10px;--awb-spacing-left-large:1.92%;--awb-width-medium:100%;--awb-order-medium:0;--awb-spacing-right-medium:1.92%;--awb-spacing-left-medium:1.92%;--awb-width-small:100%;--awb-order-small:0;--awb-spacing-right-small:1.92%;--awb-spacing-left-small:1.92%;\"><div class=\"fusion-column-wrapper fusion-column-has-shadow fusion-flex-justify-content-flex-start fusion-content-layout-column\"><div class=\"fusion-title title fusion-title-1 fusion-sep-none fusion-title-text fusion-title-size-two\"><h2 class=\"fusion-title-heading title-heading-left fusion-responsive-typography-calculated\" style=\"margin:0;text-transform:capitalize;--fontSize:34;line-height:var(--awb-typography1-line-height);\">Ch\u00ednh s\u00e1ch b\u1ea3o m\u1eadt<\/h2><\/div><div class=\"fusion-text fusion-text-1\"><p><span dir=\"auto\">Khi \u0111\u0103ng k\u00fd ho\u1eb7c s\u1eed d\u1ee5ng BeaHub, b\u1ea1n \u0111ang \u1ee7y th\u00e1c cho BeaHub vi\u1ec7c b\u1ea3o v\u1ec7 v\u00e0 b\u1ea3o m\u1eadt th\u00f4ng tin c\u1ee7a b\u1ea1n v\u00e0 c\u1ee7a kh\u00e1ch h\u00e0ng. \u0110\u00e2y l\u00e0 tr\u00e1ch nhi\u1ec7m m\u00e0 ch\u00fang t\u00f4i r\u1ea5t coi tr\u1ecdng. T\u00e0i li\u1ec7u n\u00e0y nh\u1eb1m m\u1ee5c \u0111\u00edch n\u00eau r\u00f5 nh\u1eefng g\u00ec ch\u00fang t\u00f4i thu th\u1eadp, c\u00e1ch ch\u00fang t\u00f4i l\u01b0u tr\u1eef, c\u00e1ch ch\u00fang t\u00f4i s\u1eed d\u1ee5ng th\u00f4ng tin v\u00e0 c\u00e1c quy\u1ec1n c\u1ee7a b\u1ea1n li\u00ean quan \u0111\u1ebfn d\u1eef li\u1ec7u \u0111\u00f3.<\/span><\/p>\n<p><span dir=\"auto\">Ch\u00ednh s\u00e1ch b\u1ea3o m\u1eadt n\u00e0y \u00e1p d\u1ee5ng cho c\u00e1c c\u00e1 nh\u00e2n ho\u1eb7c t\u1ed5 ch\u1ee9c s\u1eed d\u1ee5ng trang web, \u1ee9ng d\u1ee5ng di \u0111\u1ed9ng, s\u1ea3n ph\u1ea9m v\u00e0 d\u1ecbch v\u1ee5 c\u1ee7a BeaHub (g\u1ecdi chung l\u00e0 &#8220;D\u1ecbch v\u1ee5&#8221;). Trong Ch\u00ednh s\u00e1ch n\u00e0y, &#8220;<strong>Ng\u01b0\u1eddi d\u00f9ng<\/strong>&#8220;, theo thu\u1eadt ng\u1eef \u0111\u01b0\u1ee3c s\u1eed d\u1ee5ng t\u1ea1i \u0111\u00e2y, \u0111\u1ec1 c\u1eadp \u0111\u1ebfn m\u1ed9t c\u00e1 nh\u00e2n ho\u1eb7c t\u1ed5 ch\u1ee9c s\u1eed d\u1ee5ng D\u1ecbch v\u1ee5 c\u1ee7a ch\u00fang t\u00f4i, \u0111\u01b0\u1ee3c g\u1ecdi l\u00e0 &#8220;<strong>Ng\u01b0\u1eddi d\u00f9ng<\/strong>&#8221; ho\u1eb7c &#8220;<strong>Nh\u1eefng ng\u01b0\u1eddi d\u00f9ng<\/strong>&#8220;.<\/span><\/p>\n<p><span dir=\"auto\">B\u1ea5t k\u1ef3 tham chi\u1ebfu n\u00e0o \u0111\u1ebfn D\u1eef li\u1ec7u C\u00e1 nh\u00e2n \u0111\u1ec1u c\u00f3 ngh\u0129a l\u00e0 b\u1ea5t k\u1ef3 th\u00f4ng tin n\u00e0o \u0111\u01b0\u1ee3c BeaHub l\u01b0u tr\u1eef c\u00f3 th\u1ec3 d\u1eabn \u0111\u1ebfn vi\u1ec7c nh\u1eadn d\u1ea1ng m\u1ed9t c\u00e1 nh\u00e2n, d\u00f9 tr\u1ef1c ti\u1ebfp hay gi\u00e1n ti\u1ebfp. Th\u00f4ng tin n\u00e0y c\u00f3 th\u1ec3 bao g\u1ed3m nh\u01b0ng kh\u00f4ng gi\u1edbi h\u1ea1n \u1edf t\u00ean, \u0111\u1ecba ch\u1ec9 email, s\u1ed1 \u0111i\u1ec7n tho\u1ea1i, \u0111\u1ecba ch\u1ec9 \u0111\u01b0\u1eddng ph\u1ed1 ho\u1eb7c b\u01b0u \u0111i\u1ec7n, \u0111\u1ecba ch\u1ec9 IP, v.v. B\u1eb1ng c\u00e1ch \u0111\u0103ng k\u00fd BeaHub, b\u1ea1n th\u1eeba nh\u1eadn vi\u1ec7c thu th\u1eadp, chuy\u1ec3n giao, l\u01b0u tr\u1eef, x\u1eed l\u00fd, ti\u1ebft l\u1ed9 v\u00e0 c\u00e1c m\u1ee5c \u0111\u00edch s\u1eed d\u1ee5ng kh\u00e1c \u0111\u1ed1i v\u1edbi th\u00f4ng tin c\u1ee7a b\u1ea1n nh\u01b0 \u0111\u01b0\u1ee3c n\u00eau trong ch\u00ednh s\u00e1ch b\u1ea3o m\u1eadt n\u00e0y.<\/span><\/p>\n<p><span dir=\"auto\">Th\u00f4ng tin Ng\u01b0\u1eddi d\u00f9ng, l\u00e0 th\u00f4ng tin c\u00e1 nh\u00e2n li\u00ean quan \u0111\u1ebfn Ng\u01b0\u1eddi d\u00f9ng c\u1ee7a ch\u00fang t\u00f4i v\u00e0 (n\u1ebfu c\u00f3) doanh nghi\u1ec7p c\u1ee7a h\u1ecd. Ch\u00fang t\u00f4i thu th\u1eadp th\u00f4ng tin n\u00e0y \u0111\u1ec3 c\u00f3 th\u1ec3 cung c\u1ea5p D\u1ecbch v\u1ee5 cho nh\u1eefng Ng\u01b0\u1eddi d\u00f9ng \u0111\u00f3. Theo m\u1ee5c \u0111\u00edch c\u1ee7a GDPR t\u1ea1i Li\u00ean minh Ch\u00e2u \u00c2u, ch\u00fang t\u00f4i l\u00e0 &#8220;b\u00ean ki\u1ec3m so\u00e1t d\u1eef li\u1ec7u&#8221; c\u1ee7a Th\u00f4ng tin Ng\u01b0\u1eddi d\u00f9ng n\u00e0y v\u00e0 ch\u00fang t\u00f4i thu th\u1eadp v\u00e0 l\u01b0u tr\u1eef th\u00f4ng tin n\u00e0y nh\u1eb1m m\u1ee5c \u0111\u00edch cung c\u1ea5p D\u1ecbch v\u1ee5 cho Ng\u01b0\u1eddi d\u00f9ng v\u00e0 duy tr\u00ec h\u1ed3 s\u01a1 c\u0169ng nh\u01b0 th\u00f4ng tin li\u00ean h\u1ec7 li\u00ean quan \u0111\u1ebfn c\u00e1c D\u1ecbch v\u1ee5 v\u00e0 Ng\u01b0\u1eddi d\u00f9ng \u0111\u00f3. Ch\u00ednh s\u00e1ch n\u00e0y quy \u0111\u1ecbnh c\u00e1ch BeaHub x\u1eed l\u00fd th\u00f4ng tin c\u1ee7a b\u1ea1n v\u1edbi t\u01b0 c\u00e1ch l\u00e0 Ng\u01b0\u1eddi d\u00f9ng.<\/span><\/p>\n<p><span dir=\"auto\">Th\u00f4ng tin Kh\u00e1ch h\u00e0ng, l\u00e0 th\u00f4ng tin c\u00e1 nh\u00e2n li\u00ean quan \u0111\u1ebfn c\u00e1c c\u00e1 nh\u00e2n m\u00e0 Ng\u01b0\u1eddi d\u00f9ng c\u1ee7a ch\u00fang t\u00f4i t\u01b0\u01a1ng t\u00e1c <em>(ch\u1eb3ng h\u1ea1n nh\u01b0 kh\u00e1ch h\u00e0ng c\u1ee7a doanh nghi\u1ec7p c\u1ee7a h\u1ecd)<\/em>. Ng\u01b0\u1eddi d\u00f9ng D\u1ecbch v\u1ee5 c\u1ee7a ch\u00fang t\u00f4i ho\u00e0n to\u00e0n ch\u1ecbu tr\u00e1ch nhi\u1ec7m thi\u1ebft l\u1eadp c\u00e1c ch\u00ednh s\u00e1ch v\u00e0 \u0111\u1ea3m b\u1ea3o tu\u00e2n th\u1ee7 t\u1ea5t c\u1ea3 c\u00e1c lu\u1eadt v\u00e0 quy \u0111\u1ecbnh hi\u1ec7n h\u00e0nh, c\u0169ng nh\u01b0 t\u1ea5t c\u1ea3 c\u00e1c ch\u00ednh s\u00e1ch b\u1ea3o m\u1eadt, th\u1ecfa thu\u1eadn ho\u1eb7c ngh\u0129a v\u1ee5 kh\u00e1c li\u00ean quan \u0111\u1ebfn vi\u1ec7c thu th\u1eadp th\u00f4ng tin c\u00e1 nh\u00e2n li\u00ean quan \u0111\u1ebfn vi\u1ec7c s\u1eed d\u1ee5ng D\u1ecbch v\u1ee5 c\u1ee7a ch\u00fang t\u00f4i b\u1edfi c\u00e1c c\u00e1 nh\u00e2n m\u00e0 Ng\u01b0\u1eddi d\u00f9ng c\u1ee7a ch\u00fang t\u00f4i t\u01b0\u01a1ng t\u00e1c. Ch\u00fang t\u00f4i thu th\u1eadp th\u00f4ng tin theo ch\u1ec9 \u0111\u1ea1o c\u1ee7a Ng\u01b0\u1eddi d\u00f9ng v\u00e0 kh\u00f4ng c\u00f3 m\u1ed1i quan h\u1ec7 tr\u1ef1c ti\u1ebfp n\u00e0o v\u1edbi c\u00e1c c\u00e1 nh\u00e2n m\u00e0 ch\u00fang t\u00f4i x\u1eed l\u00fd th\u00f4ng tin c\u00e1 nh\u00e2n c\u1ee7a h\u1ecd li\u00ean quan \u0111\u1ebfn vi\u1ec7c s\u1eed d\u1ee5ng D\u1ecbch v\u1ee5 c\u1ee7a ch\u00fang t\u00f4i. N\u1ebfu b\u1ea1n l\u00e0 Ng\u01b0\u1eddi d\u00f9ng cung c\u1ea5p th\u00f4ng tin (<em>bao g\u1ed3m th\u00f4ng tin c\u00e1 nh\u00e2n) v\u1ec1 ng\u01b0\u1eddi kh\u00e1c, b\u1ea1n ph\u1ea3i c\u00f3 n\u0103ng l\u1ef1c ph\u00e1p l\u00fd \u0111\u1ec3 l\u00e0m nh\u01b0 v\u1eady v\u00e0, n\u1ebfu c\u1ea7n, th\u00f4ng b\u00e1o cho h\u1ecd v\u1ec1 c\u00e1ch th\u00f4ng tin c\u00e1 nh\u00e2n c\u1ee7a h\u1ecd s\u1ebd \u0111\u01b0\u1ee3c s\u1eed d\u1ee5ng (nh\u01b0 \u0111\u01b0\u1ee3c m\u00f4 t\u1ea3 trong Ch\u00ednh s\u00e1ch B\u1ea3o m\u1eadt n\u00e0y)<\/em>. N\u1ebfu b\u1ea1n l\u00e0 c\u00e1 nh\u00e2n t\u01b0\u01a1ng t\u00e1c v\u1edbi Ng\u01b0\u1eddi d\u00f9ng b\u1eb1ng D\u1ecbch v\u1ee5 c\u1ee7a ch\u00fang t\u00f4i &#8211; v\u00ed d\u1ee5: n\u1ebfu b\u1ea1n l\u00e0 nh\u00e2n vi\u00ean ho\u1eb7c kh\u00e1ch h\u00e0ng c\u1ee7a m\u1ed9t doanh nghi\u1ec7p &#8211; Ng\u01b0\u1eddi d\u00f9ng \u0111\u00f3 l\u00e0 ng\u01b0\u1eddi ki\u1ec3m so\u00e1t th\u00f4ng tin c\u1ee7a b\u1ea1n v\u00e0 b\u1ea1n n\u00ean li\u00ean h\u1ec7 tr\u1ef1c ti\u1ebfp v\u1edbi h\u1ecd (v\u00ed d\u1ee5: ch\u1ee7 s\u1edf h\u1eefu ho\u1eb7c ng\u01b0\u1eddi qu\u1ea3n l\u00fd c\u1ee7a doanh nghi\u1ec7p) &#8211; \u0111\u1ec3 \u0111\u01b0\u1ee3c h\u1ed7 tr\u1ee3 v\u1ec1 b\u1ea5t k\u1ef3 y\u00eau c\u1ea7u ho\u1eb7c c\u00e2u h\u1ecfi n\u00e0o li\u00ean quan \u0111\u1ebfn th\u00f4ng tin c\u00e1 nh\u00e2n c\u1ee7a b\u1ea1n.<\/span><\/p>\n<p><span dir=\"auto\">B\u1ea5t k\u1ef3 th\u00f4ng tin n\u00e0o ch\u00fang t\u00f4i thu th\u1eadp t\u1eeb b\u1ea1n \u0111\u1ec1u c\u00f3 th\u1ec3 \u0111\u01b0\u1ee3c s\u1eed d\u1ee5ng theo m\u1ed9t trong nh\u1eefng c\u00e1ch sau:<\/span><\/p>\n<ul>\n<li><span dir=\"auto\">\u0110\u1ec3 c\u00e1 nh\u00e2n h\u00f3a tr\u1ea3i nghi\u1ec7m c\u1ee7a b\u1ea1n (th\u00f4ng tin c\u1ee7a b\u1ea1n gi\u00fap ch\u00fang t\u00f4i \u0111\u00e1p \u1ee9ng t\u1ed1t h\u01a1n nhu c\u1ea7u c\u00e1 nh\u00e2n c\u1ee7a b\u1ea1n)<\/span><\/li>\n<li><span dir=\"auto\">\u0110\u1ec3 c\u1ea3i thi\u1ec7n trang web v\u00e0 \u1ee9ng d\u1ee5ng c\u1ee7a ch\u00fang t\u00f4i (ch\u00fang t\u00f4i li\u00ean t\u1ee5c n\u1ed7 l\u1ef1c c\u1ea3i thi\u1ec7n c\u00e1c d\u1ecbch v\u1ee5 tr\u00ean trang web d\u1ef1a tr\u00ean th\u00f4ng tin v\u00e0 ph\u1ea3n h\u1ed3i ch\u00fang t\u00f4i nh\u1eadn \u0111\u01b0\u1ee3c t\u1eeb b\u1ea1n)<\/span><\/li>\n<li><span dir=\"auto\">\u0110\u1ec3 c\u1ea3i thi\u1ec7n d\u1ecbch v\u1ee5 kh\u00e1ch h\u00e0ng (th\u00f4ng tin c\u1ee7a b\u1ea1n gi\u00fap ch\u00fang t\u00f4i ph\u1ea3n h\u1ed3i hi\u1ec7u qu\u1ea3 h\u01a1n c\u00e1c y\u00eau c\u1ea7u d\u1ecbch v\u1ee5 kh\u00e1ch h\u00e0ng v\u00e0 nhu c\u1ea7u h\u1ed7 tr\u1ee3 c\u1ee7a b\u1ea1n)<\/span><\/li>\n<li><span dir=\"auto\">\u0110\u1ec3 x\u1eed l\u00fd giao d\u1ecbch<\/span><\/li>\n<li><span dir=\"auto\">Th\u00f4ng tin c\u1ee7a b\u1ea1n, d\u00f9 l\u00e0 th\u00f4ng tin c\u00f4ng khai hay ri\u00eang t\u01b0, s\u1ebd kh\u00f4ng \u0111\u01b0\u1ee3c b\u00e1n, trao \u0111\u1ed5i, chuy\u1ec3n nh\u01b0\u1ee3ng ho\u1eb7c cung c\u1ea5p cho b\u1ea5t k\u1ef3 c\u00f4ng ty n\u00e0o kh\u00e1c v\u00ec b\u1ea5t k\u1ef3 l\u00fd do g\u00ec, m\u00e0 kh\u00f4ng c\u00f3 s\u1ef1 \u0111\u1ed3ng \u00fd c\u1ee7a b\u1ea1n, ngo\u1ea1i tr\u1eeb m\u1ee5c \u0111\u00edch r\u00f5 r\u00e0ng l\u00e0 cung c\u1ea5p s\u1ea3n ph\u1ea9m ho\u1eb7c d\u1ecbch v\u1ee5 \u0111\u00e3 mua theo y\u00eau c\u1ea7u.<\/span><\/li>\n<li><span dir=\"auto\">\u0110\u1ec3 g\u1eedi email \u0111\u1ecbnh k\u1ef3<\/span><\/li>\n<li><span dir=\"auto\">\u0110\u1ecba ch\u1ec9 email b\u1ea1n cung c\u1ea5p c\u00f3 th\u1ec3 \u0111\u01b0\u1ee3c s\u1eed d\u1ee5ng \u0111\u1ec3 g\u1eedi th\u00f4ng tin, tr\u1ea3 l\u1eddi y\u00eau c\u1ea7u v\u00e0\/ho\u1eb7c c\u00e1c y\u00eau c\u1ea7u ho\u1eb7c c\u00e2u h\u1ecfi kh\u00e1c.<\/span><\/li>\n<\/ul>\n<p><span dir=\"auto\">Ch\u00fang t\u00f4i th\u1ef1c hi\u1ec7n nhi\u1ec1u bi\u1ec7n ph\u00e1p b\u1ea3o m\u1eadt kh\u00e1c nhau \u0111\u1ec3 \u0111\u1ea3m b\u1ea3o an to\u00e0n cho th\u00f4ng tin c\u00e1 nh\u00e2n c\u1ee7a b\u1ea1n khi b\u1ea1n \u0111\u1eb7t h\u00e0ng ho\u1eb7c nh\u1eadp, g\u1eedi ho\u1eb7c truy c\u1eadp th\u00f4ng tin c\u00e1 nh\u00e2n c\u1ee7a m\u00ecnh.<\/span><\/p>\n<p><span dir=\"auto\">M\u1ecdi th\u00f4ng tin nh\u1ea1y c\u1ea3m\/th\u1ebb t\u00edn d\u1ee5ng \u0111\u01b0\u1ee3c cung c\u1ea5p \u0111\u1ec1u \u0111\u01b0\u1ee3c truy\u1ec1n qua c\u00f4ng ngh\u1ec7 Secure Socket Layer (SSL) v\u00e0 sau \u0111\u00f3 \u0111\u01b0\u1ee3c m\u00e3 h\u00f3a v\u00e0o c\u01a1 s\u1edf d\u1eef li\u1ec7u c\u1ee7a nh\u00e0 cung c\u1ea5p c\u1ed5ng thanh to\u00e1n c\u1ee7a ch\u00fang t\u00f4i \u0111\u1ec3 ch\u1ec9 nh\u1eefng ng\u01b0\u1eddi \u0111\u01b0\u1ee3c \u1ee7y quy\u1ec1n c\u00f3 quy\u1ec1n truy c\u1eadp \u0111\u1eb7c bi\u1ec7t v\u00e0o c\u00e1c h\u1ec7 th\u1ed1ng \u0111\u00f3 m\u1edbi c\u00f3 th\u1ec3 truy c\u1eadp v\u00e0 ph\u1ea3i gi\u1eef b\u00ed m\u1eadt th\u00f4ng tin.<\/span><\/p>\n<\/div><\/div><\/div><\/div><\/div><\/p>\n","protected":false},"excerpt":{"rendered":"","protected":false},"author":1,"featured_media":0,"parent":0,"menu_order":0,"comment_status":"closed","ping_status":"closed","template":"100-width.php","meta":{"inline_featured_image":false,"footnotes":""},"class_list":["post-8011","page","type-page","status-publish","hentry"],"yoast_head":"<!-- This site is optimized with the Yoast SEO plugin v24.7 - https:\/\/yoast.com\/wordpress\/plugins\/seo\/ -->\n<title>Ch\u00ednh S\u00e1ch B\u1ea3o M\u1eadt - BeaHub<\/title>\n<meta name=\"robots\" content=\"index, follow, max-snippet:-1, max-image-preview:large, max-video-preview:-1\" \/>\n<link rel=\"canonical\" href=\"https:\/\/beahub.com\/vi\/chinh-sach-bao-mat\/\" \/>\n<meta property=\"og:locale\" content=\"vi_VN\" \/>\n<meta property=\"og:type\" content=\"article\" \/>\n<meta property=\"og:title\" content=\"Ch\u00ednh S\u00e1ch B\u1ea3o M\u1eadt - BeaHub\" \/>\n<meta property=\"og:url\" content=\"https:\/\/beahub.com\/vi\/chinh-sach-bao-mat\/\" \/>\n<meta property=\"og:site_name\" content=\"BeaHub\" \/>\n<meta property=\"article:publisher\" content=\"https:\/\/www.facebook.com\/beahubs\" \/>\n<meta property=\"article:modified_time\" content=\"2025-07-28T09:58:28+00:00\" \/>\n<meta name=\"twitter:card\" content=\"summary_large_image\" \/>\n<meta name=\"twitter:site\" content=\"@Beahub_inc\" \/>\n<meta name=\"twitter:label1\" content=\"Est. reading time\" \/>\n\t<meta name=\"twitter:data1\" content=\"5 minutes\" \/>\n<script type=\"application\/ld+json\" class=\"yoast-schema-graph\">{\"@context\":\"https:\/\/schema.org\",\"@graph\":[{\"@type\":\"WebPage\",\"@id\":\"https:\/\/beahub.com\/vi\/chinh-sach-bao-mat\/\",\"url\":\"https:\/\/beahub.com\/vi\/chinh-sach-bao-mat\/\",\"name\":\"Ch\u00ednh S\u00e1ch B\u1ea3o M\u1eadt - BeaHub\",\"isPartOf\":{\"@id\":\"https:\/\/beahub.com\/#website\"},\"datePublished\":\"2023-05-19T16:51:44+00:00\",\"dateModified\":\"2025-07-28T09:58:28+00:00\",\"breadcrumb\":{\"@id\":\"https:\/\/beahub.com\/vi\/chinh-sach-bao-mat\/#breadcrumb\"},\"inLanguage\":\"vi-VN\",\"potentialAction\":[{\"@type\":\"ReadAction\",\"target\":[\"https:\/\/beahub.com\/vi\/chinh-sach-bao-mat\/\"]}]},{\"@type\":\"BreadcrumbList\",\"@id\":\"https:\/\/beahub.com\/vi\/chinh-sach-bao-mat\/#breadcrumb\",\"itemListElement\":[{\"@type\":\"ListItem\",\"position\":1,\"name\":\"Home\",\"item\":\"https:\/\/beahub.com\/vi\/\"},{\"@type\":\"ListItem\",\"position\":2,\"name\":\"Ch\u00ednh S\u00e1ch B\u1ea3o M\u1eadt\"}]},{\"@type\":\"WebSite\",\"@id\":\"https:\/\/beahub.com\/#website\",\"url\":\"https:\/\/beahub.com\/\",\"name\":\"BeaHub\",\"description\":\"spa, wellness, spa platform, beauty salon, nail salon, massage therapy, health clinic\",\"publisher\":{\"@id\":\"https:\/\/beahub.com\/#organization\"},\"potentialAction\":[{\"@type\":\"SearchAction\",\"target\":{\"@type\":\"EntryPoint\",\"urlTemplate\":\"https:\/\/beahub.com\/?s={search_term_string}\"},\"query-input\":{\"@type\":\"PropertyValueSpecification\",\"valueRequired\":true,\"valueName\":\"search_term_string\"}}],\"inLanguage\":\"vi-VN\"},{\"@type\":\"Organization\",\"@id\":\"https:\/\/beahub.com\/#organization\",\"name\":\"BeaHub\",\"url\":\"https:\/\/beahub.com\/\",\"logo\":{\"@type\":\"ImageObject\",\"inLanguage\":\"vi-VN\",\"@id\":\"https:\/\/beahub.com\/#\/schema\/logo\/image\/\",\"url\":\"https:\/\/beahub.com\/wp-content\/uploads\/2022\/07\/logo-beahub.svg\",\"contentUrl\":\"https:\/\/beahub.com\/wp-content\/uploads\/2022\/07\/logo-beahub.svg\",\"width\":1694,\"height\":420,\"caption\":\"BeaHub\"},\"image\":{\"@id\":\"https:\/\/beahub.com\/#\/schema\/logo\/image\/\"},\"sameAs\":[\"https:\/\/www.facebook.com\/beahubs\",\"https:\/\/x.com\/Beahub_inc\",\"https:\/\/www.youtube.com\/channel\/UC3BF3QAewsEZqIcbEIHynAA?themeRefresh=1\"]}]}<\/script>\n<!-- \/ Yoast SEO plugin. -->","yoast_head_json":{"title":"Ch\u00ednh S\u00e1ch B\u1ea3o M\u1eadt - BeaHub","robots":{"index":"index","follow":"follow","max-snippet":"max-snippet:-1","max-image-preview":"max-image-preview:large","max-video-preview":"max-video-preview:-1"},"canonical":"https:\/\/beahub.com\/vi\/chinh-sach-bao-mat\/","og_locale":"vi_VN","og_type":"article","og_title":"Ch\u00ednh S\u00e1ch B\u1ea3o M\u1eadt - BeaHub","og_url":"https:\/\/beahub.com\/vi\/chinh-sach-bao-mat\/","og_site_name":"BeaHub","article_publisher":"https:\/\/www.facebook.com\/beahubs","article_modified_time":"2025-07-28T09:58:28+00:00","twitter_card":"summary_large_image","twitter_site":"@Beahub_inc","twitter_misc":{"Est. reading time":"5 minutes"},"schema":{"@context":"https:\/\/schema.org","@graph":[{"@type":"WebPage","@id":"https:\/\/beahub.com\/vi\/chinh-sach-bao-mat\/","url":"https:\/\/beahub.com\/vi\/chinh-sach-bao-mat\/","name":"Ch\u00ednh S\u00e1ch B\u1ea3o M\u1eadt - BeaHub","isPartOf":{"@id":"https:\/\/beahub.com\/#website"},"datePublished":"2023-05-19T16:51:44+00:00","dateModified":"2025-07-28T09:58:28+00:00","breadcrumb":{"@id":"https:\/\/beahub.com\/vi\/chinh-sach-bao-mat\/#breadcrumb"},"inLanguage":"vi-VN","potentialAction":[{"@type":"ReadAction","target":["https:\/\/beahub.com\/vi\/chinh-sach-bao-mat\/"]}]},{"@type":"BreadcrumbList","@id":"https:\/\/beahub.com\/vi\/chinh-sach-bao-mat\/#breadcrumb","itemListElement":[{"@type":"ListItem","position":1,"name":"Home","item":"https:\/\/beahub.com\/vi\/"},{"@type":"ListItem","position":2,"name":"Ch\u00ednh S\u00e1ch B\u1ea3o M\u1eadt"}]},{"@type":"WebSite","@id":"https:\/\/beahub.com\/#website","url":"https:\/\/beahub.com\/","name":"BeaHub","description":"spa, wellness, spa platform, beauty salon, nail salon, massage therapy, health clinic","publisher":{"@id":"https:\/\/beahub.com\/#organization"},"potentialAction":[{"@type":"SearchAction","target":{"@type":"EntryPoint","urlTemplate":"https:\/\/beahub.com\/?s={search_term_string}"},"query-input":{"@type":"PropertyValueSpecification","valueRequired":true,"valueName":"search_term_string"}}],"inLanguage":"vi-VN"},{"@type":"Organization","@id":"https:\/\/beahub.com\/#organization","name":"BeaHub","url":"https:\/\/beahub.com\/","logo":{"@type":"ImageObject","inLanguage":"vi-VN","@id":"https:\/\/beahub.com\/#\/schema\/logo\/image\/","url":"https:\/\/beahub.com\/wp-content\/uploads\/2022\/07\/logo-beahub.svg","contentUrl":"https:\/\/beahub.com\/wp-content\/uploads\/2022\/07\/logo-beahub.svg","width":1694,"height":420,"caption":"BeaHub"},"image":{"@id":"https:\/\/beahub.com\/#\/schema\/logo\/image\/"},"sameAs":["https:\/\/www.facebook.com\/beahubs","https:\/\/x.com\/Beahub_inc","https:\/\/www.youtube.com\/channel\/UC3BF3QAewsEZqIcbEIHynAA?themeRefresh=1"]}]}},"_links":{"self":[{"href":"https:\/\/beahub.com\/vi\/wp-json\/wp\/v2\/pages\/8011"}],"collection":[{"href":"https:\/\/beahub.com\/vi\/wp-json\/wp\/v2\/pages"}],"about":[{"href":"https:\/\/beahub.com\/vi\/wp-json\/wp\/v2\/types\/page"}],"author":[{"embeddable":true,"href":"https:\/\/beahub.com\/vi\/wp-json\/wp\/v2\/users\/1"}],"replies":[{"embeddable":true,"href":"https:\/\/beahub.com\/vi\/wp-json\/wp\/v2\/comments?post=8011"}],"version-history":[{"count":1,"href":"https:\/\/beahub.com\/vi\/wp-json\/wp\/v2\/pages\/8011\/revisions"}],"predecessor-version":[{"id":8112,"href":"https:\/\/beahub.com\/vi\/wp-json\/wp\/v2\/pages\/8011\/revisions\/8112"}],"wp:attachment":[{"href":"https:\/\/beahub.com\/vi\/wp-json\/wp\/v2\/media?parent=8011"}],"curies":[{"name":"wp","href":"https:\/\/api.w.org\/{rel}","templated":true}]}}